{"id":253,"date":"2017-09-27T17:08:21","date_gmt":"2017-09-27T17:08:21","guid":{"rendered":"https:\/\/elessi.nasatheme.com\/?page_id=253"},"modified":"2020-08-22T21:56:03","modified_gmt":"2020-08-22T18:56:03","slug":"iletisim","status":"publish","type":"page","link":"https:\/\/erciyesderi.com\/index.php\/iletisim\/","title":{"rendered":"\u0130leti\u015fim"},"content":{"rendered":"<p>[vc_row bg_type=&#8221;no_bg&#8221; bg_grad=&#8221;background: -webkit-gradient(linear, left top, left bottom, color-stop(0%, #E3E3E3));background: -moz-linear-gradient(top,#E3E3E3 0%);background: -webkit-linear-gradient(top,#E3E3E3 0%);background: -o-linear-gradient(top,#E3E3E3 0%);background: -ms-linear-gradient(top,#E3E3E3 0%);background: linear-gradient(top,#E3E3E3 0%);&#8221; parallax_style=&#8221;vcpb-default&#8221; bg_image_repeat=&#8221;repeat&#8221; bg_image_size=&#8221;cover&#8221; bg_img_attach=&#8221;scroll&#8221; parallax_sense=&#8221;30&#8243; animation_direction=&#8221;left-animation&#8221; animation_repeat=&#8221;repeat&#8221; video_opts=&#8221;&#8221; bg_override=&#8221;0&#8243; parallax_content_sense=&#8221;30&#8243; fadeout_start_effect=&#8221;30&#8243; overlay_pattern_opacity=&#8221;80&#8243; seperator_type=&#8221;none_seperator&#8221; seperator_position=&#8221;top_seperator&#8221; seperator_shape_size=&#8221;40&#8243; seperator_svg_height=&#8221;60&#8243; seperator_shape_background=&#8221;#ffffff&#8221; seperator_shape_border=&#8221;none&#8221; seperator_shape_border_width=&#8221;1&#8243; icon_type=&#8221;no_icon&#8221; icon_size=&#8221;32&#8243; icon_style=&#8221;none&#8221; icon_color_border=&#8221;#333333&#8243; icon_border_size=&#8221;1&#8243; icon_border_radius=&#8221;500&#8243; icon_border_spacing=&#8221;50&#8243; img_width=&#8221;48&#8243; ult_hide_row_large_screen=&#8221;off&#8221; ult_hide_row_desktop=&#8221;off&#8221; ult_hide_row_tablet=&#8221;off&#8221; ult_hide_row_tablet_small=&#8221;off&#8221; ult_hide_row_mobile=&#8221;off&#8221; ult_hide_row_mobile_large=&#8221;off&#8221; el_class=&#8221;margin-top-30 margin-bottom-50&#8243;][vc_column width=&#8221;5\/12&#8243; el_class=&#8221;mobile-margin-bottom-20&#8243;][vc_gmaps link=&#8221;#E-8_JTNDaWZyYW1lJTIwc3JjJTNEJTIyaHR0cHMlM0ElMkYlMkZ3d3cuZ29vZ2xlLmNvbSUyRm1hcHMlMkZlbWJlZCUzRnBiJTNEJTIxMW0xOCUyMTFtMTIlMjExbTMlMjExZDM4NTM0NS43NTAyNjU5MDY1NiUyMTJkMjguNjY5Nzc5OTIzMjE5NTQ3JTIxM2Q0MS4wMTQwMTY1NDc5NTY1OSUyMTJtMyUyMTFmMCUyMTJmMCUyMTNmMCUyMTNtMiUyMTFpMTAyNCUyMTJpNzY4JTIxNGYxMy4xJTIxM20zJTIxMW0yJTIxMXMweDE0Y2FkOWIwMDAwMDAwMDElMjUzQTB4ZDBkMGZmYTVkZjQwZWVmYSUyMTJzRXJjaXllcyUyNTIwRGVyaSUyMTVlMCUyMTNtMiUyMTFzdHIlMjEyc3RyJTIxNHYxNTk1MDI0OTkzMjQ2JTIxNW0yJTIxMXN0ciUyMTJzdHIlMjIlMjB3aWR0aCUzRCUyMjY1MCUyMiUyMGhlaWdodCUzRCUyMjQ1MCUyMiUyMGZyYW1lYm9yZGVyJTNEJTIyMCUyMiUyMHN0eWxlJTNEJTIyYm9yZGVyJTNBMCUzQiUyMiUyMGFsbG93ZnVsbHNjcmVlbiUzRCUyMiUyMiUyMGFyaWEtaGlkZGVuJTNEJTIyZmFsc2UlMjIlMjB0YWJpbmRleCUzRCUyMjAlMjIlM0UlM0MlMkZpZnJhbWUlM0U=&#8221; title=&#8221;Tuzla \u0130stanbul&#8221;][\/vc_column][vc_column width=&#8221;7\/12&#8243; el_class=&#8221;padding-side-mobile-0&#8243; css=&#8221;.vc_custom_1505055254580{padding-left: 20px !important;}&#8221;][vc_row_inner][vc_column_inner width=&#8221;1\/2&#8243;]<div class=\"nasa-title clearfix hr-type-none\"><div class=\"nasa-wrap\"><h4 class=\"nasa-heading-title\"><span class=\"nasa-title-wrap\"><span style=\"background: #ffffff;\">Fabrika Adres<\/span><span class=\"nasa-title-hr\"><\/span><\/span><\/h4><\/div><\/div>[vc_column_text]Tuzla Deri Organize San. B\u00f6lg. 9.Yol \u00c7-2 5 Parsel Antik Sk. No:17<\/p>\n<p>Tuzla\/\u0130stanbul T\u00fcrkiye[\/vc_column_text][vc_empty_space height=&#8221;30px&#8221;][\/vc_column_inner][vc_column_inner width=&#8221;1\/2&#8243;]<div class=\"nasa-title clearfix hr-type-none\"><div class=\"nasa-wrap\"><h4 class=\"nasa-heading-title\"><span class=\"nasa-title-wrap\"><span style=\"background: #ffffff;\">Tel<\/span><span class=\"nasa-title-hr\"><\/span><\/span><\/h4><\/div><\/div>[vc_column_text]Tel\u00a0 : (+090)-216-394-1158<br \/>\nFax : (+090)-216-394-0179[\/vc_column_text][\/vc_column_inner][\/vc_row_inner][vc_empty_space height=&#8221;45px&#8221;][vc_row_inner][vc_column_inner width=&#8221;1\/2&#8243;]<div class=\"nasa-title clearfix hr-type-none\"><div class=\"nasa-wrap\"><h4 class=\"nasa-heading-title\"><span class=\"nasa-title-wrap\"><span style=\"background: #ffffff;\">Email<\/span><span class=\"nasa-title-hr\"><\/span><\/span><\/h4><\/div><\/div>[vc_column_text]info@erciyesderi.com<br \/>\ndestek@erciyesderi.com<\/p>\n<div id=\"gtx-trans\" style=\"position: absolute; left: -40px; top: 62px;\">\n<div class=\"gtx-trans-icon\"><\/div>\n<\/div>\n<p>[\/vc_column_text][vc_empty_space height=&#8221;30px&#8221;][\/vc_column_inner][vc_column_inner width=&#8221;1\/2&#8243;]<div class=\"nasa-title clearfix hr-type-none\"><div class=\"nasa-wrap\"><h4 class=\"nasa-heading-title\"><span class=\"nasa-title-wrap\"><span style=\"background: #ffffff;\">Bizi Takip Edin<\/span><span class=\"nasa-title-hr\"><\/span><\/span><\/h4><\/div><\/div><div class=\"social-icons nasa-follow margin-top-15\"><div class=\"follow-icon\"><a href=\"https:\/\/twitter.com\/erciyesdericom\" target=\"_blank\" class=\"icon icon_twitter\" title=\"Follow us on Twitter\" rel=\"nofollow\"><i class=\"fa fa-twitter\"><\/i><\/a><a href=\"https:\/\/www.instagram.com\/erciyesdericom\/?hl=tr\" target=\"_blank\" class=\"icon icon_facebook\" title=\"Follow us on Facebook\" rel=\"nofollow\"><i class=\"fa fa-facebook\"><\/i><\/a><a href=\"mailto:info@erciyesderi.com\" target=\"_blank\" class=\"icon icon_email\" title=\"Send us an email\" rel=\"nofollow\"><i class=\"fa fa-envelope-o\"><\/i><\/a><a href=\"https:\/\/www.instagram.com\/erciyesdericom\/?hl=tr\" target=\"_blank\" class=\"icon icon_instagram\" title=\"Follow us on Instagram\" rel=\"nofollow\"><i class=\"fa fa-instagram\"><\/i><\/a><a href=\"http:\/\/www.youtube.com\" target=\"_blank\" class=\"icon icon_youtube\" title=\"Follow us on YouTube\" rel=\"nofollow\"><i class=\"fa fa-youtube-play\"><\/i><\/a><\/div><\/div>[\/vc_column_inner][\/vc_row_inner][vc_empty_space height=&#8221;45px&#8221;][\/vc_column][\/vc_row][vc_row bg_type=&#8221;no_bg&#8221; bg_grad=&#8221;background: -webkit-gradient(linear, left top, left bottom, color-stop(0%, #E3E3E3));background: -moz-linear-gradient(top,#E3E3E3 0%);background: -webkit-linear-gradient(top,#E3E3E3 0%);background: -o-linear-gradient(top,#E3E3E3 0%);background: -ms-linear-gradient(top,#E3E3E3 0%);background: linear-gradient(top,#E3E3E3 0%);&#8221; parallax_style=&#8221;vcpb-default&#8221; bg_image_repeat=&#8221;repeat&#8221; bg_image_size=&#8221;cover&#8221; bg_img_attach=&#8221;scroll&#8221; parallax_sense=&#8221;30&#8243; animation_direction=&#8221;left-animation&#8221; animation_repeat=&#8221;repeat&#8221; video_opts=&#8221;&#8221; bg_override=&#8221;0&#8243; parallax_content_sense=&#8221;30&#8243; fadeout_start_effect=&#8221;30&#8243; overlay_pattern_opacity=&#8221;80&#8243; seperator_type=&#8221;none_seperator&#8221; seperator_position=&#8221;top_seperator&#8221; seperator_shape_size=&#8221;40&#8243; seperator_svg_height=&#8221;60&#8243; seperator_shape_background=&#8221;#ffffff&#8221; seperator_shape_border=&#8221;none&#8221; seperator_shape_border_width=&#8221;1&#8243; icon_type=&#8221;no_icon&#8221; icon_size=&#8221;32&#8243; icon_style=&#8221;none&#8221; icon_color_border=&#8221;#333333&#8243; icon_border_size=&#8221;1&#8243; icon_border_radius=&#8221;500&#8243; icon_border_spacing=&#8221;50&#8243; img_width=&#8221;48&#8243; ult_hide_row_large_screen=&#8221;off&#8221; ult_hide_row_desktop=&#8221;off&#8221; ult_hide_row_tablet=&#8221;off&#8221; ult_hide_row_tablet_small=&#8221;off&#8221; ult_hide_row_mobile=&#8221;off&#8221; ult_hide_row_mobile_large=&#8221;off&#8221; el_class=&#8221;margin-top-30 margin-bottom-50&#8243;][vc_column width=&#8221;5\/12&#8243; el_class=&#8221;mobile-margin-bottom-20&#8243;][vc_gmaps link=&#8221;#E-8_JTNDaWZyYW1lJTIwc3JjJTNEJTIyaHR0cHMlM0ElMkYlMkZ3d3cuZ29vZ2xlLmNvbSUyRm1hcHMlMkZlbWJlZCUzRnBiJTNEJTIxMW0xOCUyMTFtMTIlMjExbTMlMjExZDMwMTAuMjc0NDI3MjM1MTA4JTIxMmQyOC44ODMzNTU2MTUxNDI1MTMlMjEzZDQxLjAxOTI1MTY3OTI5OTY4NiUyMTJtMyUyMTFmMCUyMTJmMCUyMTNmMCUyMTNtMiUyMTFpMTAyNCUyMTJpNzY4JTIxNGYxMy4xJTIxM20zJTIxMW0yJTIxMXMweDE0Y2FiYjFmZDIxYzI2MDUlMjUzQTB4ZGFjYTM2MDcwOTUwYWZiZiUyMTJzRXJjaXllcyUyNTIwRGVyaSUyMTVlMCUyMTNtMiUyMTFzdHIlMjEyc3RyJTIxNHYxNTk3MTkyMTA5MTgxJTIxNW0yJTIxMXN0ciUyMTJzdHIlMjIlMjB3aWR0aCUzRCUyMjY1MCUyMiUyMGhlaWdodCUzRCUyMjQ1MCUyMiUyMGZyYW1lYm9yZGVyJTNEJTIyMCUyMiUyMHN0eWxlJTNEJTIyYm9yZGVyJTNBMCUzQiUyMiUyMGFsbG93ZnVsbHNjcmVlbiUzRCUyMiUyMiUyMGFyaWEtaGlkZGVuJTNEJTIyZmFsc2UlMjIlMjB0YWJpbmRleCUzRCUyMjAlMjIlM0UlM0MlMkZpZnJhbWUlM0U=&#8221; title=&#8221;G\u00fcng\u00f6ren \u0130stanbul&#8221;][\/vc_column][vc_column width=&#8221;7\/12&#8243; el_class=&#8221;padding-side-mobile-0&#8243; css=&#8221;.vc_custom_1505055254580{padding-left: 20px !important;}&#8221;][vc_row_inner][vc_column_inner width=&#8221;1\/2&#8243;]<div class=\"nasa-title clearfix hr-type-none\"><div class=\"nasa-wrap\"><h4 class=\"nasa-heading-title\"><span class=\"nasa-title-wrap\"><span style=\"background: #ffffff;\">Ma\u011faza<\/span><span class=\"nasa-title-hr\"><\/span><\/span><\/h4><\/div><\/div>[vc_column_text]Sancaktepe sanayi mahallesi. Ferah sok. No:13\/b<\/p>\n<p>G\u00fcng\u00f6ren\/\u0130stanbul T\u00fcrkiye[\/vc_column_text][vc_empty_space height=&#8221;30px&#8221;][\/vc_column_inner][vc_column_inner width=&#8221;1\/2&#8243;]<div class=\"nasa-title clearfix hr-type-none\"><div class=\"nasa-wrap\"><h4 class=\"nasa-heading-title\"><span class=\"nasa-title-wrap\"><span style=\"background: #ffffff;\">Tel<\/span><span class=\"nasa-title-hr\"><\/span><\/span><\/h4><\/div><\/div>[vc_column_text]Tel\u00a0 : (+090)-212-539-8869<br \/>\nFax : (+090)-212-539-8869<\/p>\n<div id=\"gtx-trans\" style=\"position: absolute; left: -40px; top: -8.8px;\">\n<div class=\"gtx-trans-icon\"><\/div>\n<\/div>\n<p>[\/vc_column_text][\/vc_column_inner][\/vc_row_inner][vc_empty_space height=&#8221;45px&#8221;][vc_row_inner][vc_column_inner width=&#8221;1\/2&#8243;]<div class=\"nasa-title clearfix hr-type-none\"><div class=\"nasa-wrap\"><h4 class=\"nasa-heading-title\"><span class=\"nasa-title-wrap\"><span style=\"background: #ffffff;\">Email<\/span><span class=\"nasa-title-hr\"><\/span><\/span><\/h4><\/div><\/div>[vc_column_text]info@erciyesderi.com<br \/>\ndestek@erciyesderi.com<\/p>\n<div id=\"gtx-trans\" style=\"position: absolute; left: -40px; top: 62px;\">\n<div class=\"gtx-trans-icon\"><\/div>\n<\/div>\n<p>[\/vc_column_text][vc_empty_space height=&#8221;30px&#8221;][\/vc_column_inner][vc_column_inner width=&#8221;1\/2&#8243;]<div class=\"nasa-title clearfix hr-type-none\"><div class=\"nasa-wrap\"><h4 class=\"nasa-heading-title\"><span class=\"nasa-title-wrap\"><span style=\"background: #ffffff;\">Bizi Takip Edin<\/span><span class=\"nasa-title-hr\"><\/span><\/span><\/h4><\/div><\/div><div class=\"social-icons nasa-follow margin-top-15\"><div class=\"follow-icon\"><a href=\"http:\/\/www.twitter.com\" target=\"_blank\" class=\"icon icon_twitter\" title=\"Follow us on Twitter\" rel=\"nofollow\"><i class=\"fa fa-twitter\"><\/i><\/a><a href=\"https:\/\/www.instagram.com\/erciyesdericom\/?hl=tr\" target=\"_blank\" class=\"icon icon_facebook\" title=\"Follow us on Facebook\" rel=\"nofollow\"><i class=\"fa fa-facebook\"><\/i><\/a><a href=\"mailto:info@erciyesderi.com\" target=\"_blank\" class=\"icon icon_email\" title=\"Send us an email\" rel=\"nofollow\"><i class=\"fa fa-envelope-o\"><\/i><\/a><a href=\"https:\/\/www.instagram.com\/erciyesdericom\/?hl=tr\" target=\"_blank\" class=\"icon icon_instagram\" title=\"Follow us on Instagram\" rel=\"nofollow\"><i class=\"fa fa-instagram\"><\/i><\/a><a href=\"http:\/\/www.youtube.com\" target=\"_blank\" class=\"icon icon_youtube\" title=\"Follow us on YouTube\" rel=\"nofollow\"><i class=\"fa fa-youtube-play\"><\/i><\/a><\/div><\/div>[\/vc_column_inner][\/vc_row_inner][vc_empty_space height=&#8221;45px&#8221;]<div role=\"form\" class=\"wpcf7\" id=\"wpcf7-f2151-o1\" lang=\"en-US\" dir=\"ltr\">\n<div class=\"screen-reader-response\"><p role=\"status\" aria-live=\"polite\" aria-atomic=\"true\"><\/p> <ul><\/ul><\/div>\n<form action=\"\/index.php\/wp-json\/wp\/v2\/pages\/253#wpcf7-f2151-o1\" method=\"post\" class=\"wpcf7-form init\" novalidate=\"novalidate\" data-status=\"init\">\n<div style=\"display: none;\">\n<input type=\"hidden\" name=\"_wpcf7\" value=\"2151\" \/>\n<input type=\"hidden\" name=\"_wpcf7_version\" value=\"5.4\" \/>\n<input type=\"hidden\" name=\"_wpcf7_locale\" value=\"en_US\" \/>\n<input type=\"hidden\" name=\"_wpcf7_unit_tag\" value=\"wpcf7-f2151-o1\" \/>\n<input type=\"hidden\" name=\"_wpcf7_container_post\" value=\"0\" \/>\n<input type=\"hidden\" name=\"_wpcf7_posted_data_hash\" value=\"\" \/>\n<\/div>\n<div class=\"contact-form-footer\">\n<div class=\"row\">\n<div class=\"lt-col large-6 columns\">\n       <label><br \/>\n           <span class=\"wpcf7-form-control-wrap your-name\"><input type=\"text\" name=\"your-name\" value=\"\" size=\"40\" class=\"wpcf7-form-control wpcf7-text wpcf7-validates-as-required\" aria-required=\"true\" aria-invalid=\"false\" placeholder=\"\u0130sim\" \/><\/span> <\/label>\n    <\/div>\n<div class=\"lt-col large-6 columns\">\n       <label><br \/>\n          <span class=\"wpcf7-form-control-wrap your-email\"><input type=\"email\" name=\"your-email\" value=\"\" size=\"40\" class=\"wpcf7-form-control wpcf7-text wpcf7-email wpcf7-validates-as-required wpcf7-validates-as-email\" aria-required=\"true\" aria-invalid=\"false\" placeholder=\"Mail Adresi\" \/><\/span> <\/label>\n    <\/div>\n<\/div>\n<div class=\"row\">\n<div class=\"large-12 columns\">\n         <label><br \/>\n         <span class=\"wpcf7-form-control-wrap your-message\"><textarea name=\"your-message\" cols=\"100\" rows=\"10\" class=\"wpcf7-form-control wpcf7-textarea\" aria-invalid=\"false\" placeholder=\"Mesaj\u0131n\u0131z\"><\/textarea><\/span>\n    <\/div>\n<\/div>\n<p><input type=\"submit\" value=\"G\u00f6nder\" class=\"wpcf7-form-control wpcf7-submit button\" id=\"form-submit\" \/><\/p>\n<\/div>\n<div class=\"wpcf7-response-output\" aria-hidden=\"true\"><\/div><\/form><\/div>[\/vc_column][\/vc_row]<\/p>\n","protected":false},"excerpt":{"rendered":"<p>[vc_row bg_type=&#8221;no_bg&#8221; bg_grad=&#8221;background: -webkit-gradient(linear, left top, left bottom, color-stop(0%, #E3E3E3));background: -moz-linear-gradient(top,#E3E3E3 0%);background: -webkit-linear-gradient(top,#E3E3E3 0%);background: -o-linear-gradient(top,#E3E3E3 0%);background: -ms-linear-gradient(top,#E3E3E3 0%);background: linear-gradient(top,#E3E3E3 0%);&#8221; parallax_style=&#8221;vcpb-default&#8221; bg_image_repeat=&#8221;repeat&#8221; bg_image_size=&#8221;cover&#8221; bg_img_attach=&#8221;scroll&#8221; parallax_sense=&#8221;30&#8243; animation_direction=&#8221;left-animation&#8221; animation_repeat=&#8221;repeat&#8221; video_opts=&#8221;&#8221; bg_override=&#8221;0&#8243; parallax_content_sense=&#8221;30&#8243; fadeout_start_effect=&#8221;30&#8243; overlay_pattern_opacity=&#8221;80&#8243; seperator_type=&#8221;none_seperator&#8221; seperator_position=&#8221;top_seperator&#8221; seperator_shape_size=&#8221;40&#8243; seperator_svg_height=&#8221;60&#8243; seperator_shape_background=&#8221;#ffffff&#8221; seperator_shape_border=&#8221;none&#8221; seperator_shape_border_width=&#8221;1&#8243; icon_type=&#8221;no_icon&#8221; icon_size=&#8221;32&#8243; icon_style=&#8221;none&#8221; icon_color_border=&#8221;#333333&#8243; icon_border_size=&#8221;1&#8243; icon_border_radius=&#8221;500&#8243; icon_border_spacing=&#8221;50&#8243; img_width=&#8221;48&#8243; ult_hide_row_large_screen=&#8221;off&#8221; ult_hide_row_desktop=&#8221;off&#8221; ult_hide_row_tablet=&#8221;off&#8221; ult_hide_row_tablet_small=&#8221;off&#8221; ult_hide_row_mobile=&#8221;off&#8221; ult_hide_row_mobile_large=&#8221;off&#8221; el_class=&#8221;margin-top-30 margin-bottom-50&#8243;][vc_column [&hellip;]<\/p>\n","protected":false},"author":1,"featured_media":0,"parent":0,"menu_order":0,"comment_status":"closed","ping_status":"closed","template":"page-visual-composer.php","meta":[],"yoast_head":"<!-- This site is optimized with the Yoast SEO plugin v18.2 - https:\/\/yoast.com\/wordpress\/plugins\/seo\/ -->\n<title>\u0130leti\u015fim - Erciyes Deri<\/title>\n<meta name=\"robots\" content=\"index, follow, max-snippet:-1, max-image-preview:large, max-video-preview:-1\" \/>\n<link rel=\"canonical\" href=\"https:\/\/erciyesderi.com\/index.php\/iletisim\/\" \/>\n<meta property=\"og:locale\" content=\"tr_TR\" \/>\n<meta property=\"og:type\" content=\"article\" \/>\n<meta property=\"og:title\" content=\"\u0130leti\u015fim - Erciyes Deri\" \/>\n<meta property=\"og:description\" content=\"[vc_row bg_type=&#8221;no_bg&#8221; bg_grad=&#8221;background: -webkit-gradient(linear, left top, left bottom, color-stop(0%, #E3E3E3));background: -moz-linear-gradient(top,#E3E3E3 0%);background: -webkit-linear-gradient(top,#E3E3E3 0%);background: -o-linear-gradient(top,#E3E3E3 0%);background: -ms-linear-gradient(top,#E3E3E3 0%);background: linear-gradient(top,#E3E3E3 0%);&#8221; parallax_style=&#8221;vcpb-default&#8221; bg_image_repeat=&#8221;repeat&#8221; bg_image_size=&#8221;cover&#8221; bg_img_attach=&#8221;scroll&#8221; parallax_sense=&#8221;30&#8243; animation_direction=&#8221;left-animation&#8221; animation_repeat=&#8221;repeat&#8221; video_opts=&#8221;&#8221; bg_override=&#8221;0&#8243; parallax_content_sense=&#8221;30&#8243; fadeout_start_effect=&#8221;30&#8243; overlay_pattern_opacity=&#8221;80&#8243; seperator_type=&#8221;none_seperator&#8221; seperator_position=&#8221;top_seperator&#8221; seperator_shape_size=&#8221;40&#8243; seperator_svg_height=&#8221;60&#8243; seperator_shape_background=&#8221;#ffffff&#8221; seperator_shape_border=&#8221;none&#8221; seperator_shape_border_width=&#8221;1&#8243; icon_type=&#8221;no_icon&#8221; icon_size=&#8221;32&#8243; icon_style=&#8221;none&#8221; icon_color_border=&#8221;#333333&#8243; icon_border_size=&#8221;1&#8243; icon_border_radius=&#8221;500&#8243; icon_border_spacing=&#8221;50&#8243; img_width=&#8221;48&#8243; ult_hide_row_large_screen=&#8221;off&#8221; ult_hide_row_desktop=&#8221;off&#8221; ult_hide_row_tablet=&#8221;off&#8221; ult_hide_row_tablet_small=&#8221;off&#8221; ult_hide_row_mobile=&#8221;off&#8221; ult_hide_row_mobile_large=&#8221;off&#8221; el_class=&#8221;margin-top-30 margin-bottom-50&#8243;][vc_column [&hellip;]\" \/>\n<meta property=\"og:url\" content=\"https:\/\/erciyesderi.com\/index.php\/iletisim\/\" \/>\n<meta property=\"og:site_name\" content=\"Erciyes Deri\" \/>\n<meta property=\"article:modified_time\" content=\"2020-08-22T18:56:03+00:00\" \/>\n<meta name=\"twitter:card\" content=\"summary_large_image\" \/>\n<meta name=\"twitter:label1\" content=\"Tahmini okuma s\u00fcresi\" \/>\n\t<meta name=\"twitter:data1\" content=\"4 dakika\" \/>\n<script type=\"application\/ld+json\" class=\"yoast-schema-graph\">{\"@context\":\"https:\/\/schema.org\",\"@graph\":[{\"@type\":\"WebSite\",\"@id\":\"https:\/\/erciyesderi.com\/#website\",\"url\":\"https:\/\/erciyesderi.com\/\",\"name\":\"Erciyes Deri\",\"description\":\"Deri \u00dcreticisi\",\"potentialAction\":[{\"@type\":\"SearchAction\",\"target\":{\"@type\":\"EntryPoint\",\"urlTemplate\":\"https:\/\/erciyesderi.com\/?s={search_term_string}\"},\"query-input\":\"required name=search_term_string\"}],\"inLanguage\":\"tr\"},{\"@type\":\"WebPage\",\"@id\":\"https:\/\/erciyesderi.com\/index.php\/iletisim\/#webpage\",\"url\":\"https:\/\/erciyesderi.com\/index.php\/iletisim\/\",\"name\":\"\u0130leti\u015fim - Erciyes Deri\",\"isPartOf\":{\"@id\":\"https:\/\/erciyesderi.com\/#website\"},\"datePublished\":\"2017-09-27T17:08:21+00:00\",\"dateModified\":\"2020-08-22T18:56:03+00:00\",\"breadcrumb\":{\"@id\":\"https:\/\/erciyesderi.com\/index.php\/iletisim\/#breadcrumb\"},\"inLanguage\":\"tr\",\"potentialAction\":[{\"@type\":\"ReadAction\",\"target\":[\"https:\/\/erciyesderi.com\/index.php\/iletisim\/\"]}]},{\"@type\":\"BreadcrumbList\",\"@id\":\"https:\/\/erciyesderi.com\/index.php\/iletisim\/#breadcrumb\",\"itemListElement\":[{\"@type\":\"ListItem\",\"position\":1,\"name\":\"Anasayfa\",\"item\":\"https:\/\/erciyesderi.com\/\"},{\"@type\":\"ListItem\",\"position\":2,\"name\":\"\u0130leti\u015fim\"}]}]}<\/script>\n<!-- \/ Yoast SEO plugin. -->","yoast_head_json":{"title":"\u0130leti\u015fim - Erciyes Deri","robots":{"index":"index","follow":"follow","max-snippet":"max-snippet:-1","max-image-preview":"max-image-preview:large","max-video-preview":"max-video-preview:-1"},"canonical":"https:\/\/erciyesderi.com\/index.php\/iletisim\/","og_locale":"tr_TR","og_type":"article","og_title":"\u0130leti\u015fim - Erciyes Deri","og_description":"[vc_row bg_type=&#8221;no_bg&#8221; bg_grad=&#8221;background: -webkit-gradient(linear, left top, left bottom, color-stop(0%, #E3E3E3));background: -moz-linear-gradient(top,#E3E3E3 0%);background: -webkit-linear-gradient(top,#E3E3E3 0%);background: -o-linear-gradient(top,#E3E3E3 0%);background: -ms-linear-gradient(top,#E3E3E3 0%);background: linear-gradient(top,#E3E3E3 0%);&#8221; parallax_style=&#8221;vcpb-default&#8221; bg_image_repeat=&#8221;repeat&#8221; bg_image_size=&#8221;cover&#8221; bg_img_attach=&#8221;scroll&#8221; parallax_sense=&#8221;30&#8243; animation_direction=&#8221;left-animation&#8221; animation_repeat=&#8221;repeat&#8221; video_opts=&#8221;&#8221; bg_override=&#8221;0&#8243; parallax_content_sense=&#8221;30&#8243; fadeout_start_effect=&#8221;30&#8243; overlay_pattern_opacity=&#8221;80&#8243; seperator_type=&#8221;none_seperator&#8221; seperator_position=&#8221;top_seperator&#8221; seperator_shape_size=&#8221;40&#8243; seperator_svg_height=&#8221;60&#8243; seperator_shape_background=&#8221;#ffffff&#8221; seperator_shape_border=&#8221;none&#8221; seperator_shape_border_width=&#8221;1&#8243; icon_type=&#8221;no_icon&#8221; icon_size=&#8221;32&#8243; icon_style=&#8221;none&#8221; icon_color_border=&#8221;#333333&#8243; icon_border_size=&#8221;1&#8243; icon_border_radius=&#8221;500&#8243; icon_border_spacing=&#8221;50&#8243; img_width=&#8221;48&#8243; ult_hide_row_large_screen=&#8221;off&#8221; ult_hide_row_desktop=&#8221;off&#8221; ult_hide_row_tablet=&#8221;off&#8221; ult_hide_row_tablet_small=&#8221;off&#8221; ult_hide_row_mobile=&#8221;off&#8221; ult_hide_row_mobile_large=&#8221;off&#8221; el_class=&#8221;margin-top-30 margin-bottom-50&#8243;][vc_column [&hellip;]","og_url":"https:\/\/erciyesderi.com\/index.php\/iletisim\/","og_site_name":"Erciyes Deri","article_modified_time":"2020-08-22T18:56:03+00:00","twitter_card":"summary_large_image","twitter_misc":{"Tahmini okuma s\u00fcresi":"4 dakika"},"schema":{"@context":"https:\/\/schema.org","@graph":[{"@type":"WebSite","@id":"https:\/\/erciyesderi.com\/#website","url":"https:\/\/erciyesderi.com\/","name":"Erciyes Deri","description":"Deri \u00dcreticisi","potentialAction":[{"@type":"SearchAction","target":{"@type":"EntryPoint","urlTemplate":"https:\/\/erciyesderi.com\/?s={search_term_string}"},"query-input":"required name=search_term_string"}],"inLanguage":"tr"},{"@type":"WebPage","@id":"https:\/\/erciyesderi.com\/index.php\/iletisim\/#webpage","url":"https:\/\/erciyesderi.com\/index.php\/iletisim\/","name":"\u0130leti\u015fim - Erciyes Deri","isPartOf":{"@id":"https:\/\/erciyesderi.com\/#website"},"datePublished":"2017-09-27T17:08:21+00:00","dateModified":"2020-08-22T18:56:03+00:00","breadcrumb":{"@id":"https:\/\/erciyesderi.com\/index.php\/iletisim\/#breadcrumb"},"inLanguage":"tr","potentialAction":[{"@type":"ReadAction","target":["https:\/\/erciyesderi.com\/index.php\/iletisim\/"]}]},{"@type":"BreadcrumbList","@id":"https:\/\/erciyesderi.com\/index.php\/iletisim\/#breadcrumb","itemListElement":[{"@type":"ListItem","position":1,"name":"Anasayfa","item":"https:\/\/erciyesderi.com\/"},{"@type":"ListItem","position":2,"name":"\u0130leti\u015fim"}]}]}},"_links":{"self":[{"href":"https:\/\/erciyesderi.com\/index.php\/wp-json\/wp\/v2\/pages\/253"}],"collection":[{"href":"https:\/\/erciyesderi.com\/index.php\/wp-json\/wp\/v2\/pages"}],"about":[{"href":"https:\/\/erciyesderi.com\/index.php\/wp-json\/wp\/v2\/types\/page"}],"author":[{"embeddable":true,"href":"https:\/\/erciyesderi.com\/index.php\/wp-json\/wp\/v2\/users\/1"}],"replies":[{"embeddable":true,"href":"https:\/\/erciyesderi.com\/index.php\/wp-json\/wp\/v2\/comments?post=253"}],"version-history":[{"count":18,"href":"https:\/\/erciyesderi.com\/index.php\/wp-json\/wp\/v2\/pages\/253\/revisions"}],"predecessor-version":[{"id":3350,"href":"https:\/\/erciyesderi.com\/index.php\/wp-json\/wp\/v2\/pages\/253\/revisions\/3350"}],"wp:attachment":[{"href":"https:\/\/erciyesderi.com\/index.php\/wp-json\/wp\/v2\/media?parent=253"}],"curies":[{"name":"wp","href":"https:\/\/api.w.org\/{rel}","templated":true}]}}