{"id":4390,"date":"2022-04-18T19:18:22","date_gmt":"2022-04-18T16:18:22","guid":{"rendered":"https:\/\/erciyesderi.com\/?page_id=4390"},"modified":"2022-04-18T21:26:27","modified_gmt":"2022-04-18T18:26:27","slug":"deri-cuzdan-kullanim-ve-bakimi-hakkinda-bilinmesi-gerekenler","status":"publish","type":"page","link":"https:\/\/erciyesderi.com\/index.php\/deri-cuzdan-kullanim-ve-bakimi-hakkinda-bilinmesi-gerekenler\/","title":{"rendered":"Deri C\u00fczdan Kullan\u0131m ve Bak\u0131m\u0131 Hakk\u0131nda Bilinmesi Gerekenler"},"content":{"rendered":"<p>[vc_row][vc_column][vc_column_text]<\/p>\n<p>&nbsp;<\/p>\n<p><strong>Deri C\u00fczdan Kullan\u0131m ve Bak\u0131m\u0131 Hakk\u0131nda Bilinmesi Gerekenler<\/strong><\/p>\n<p>&nbsp;<\/p>\n\n<p>\u00a0 \u00a0G\u00fcnl\u00fck ya\u015fam\u0131m\u0131z\u0131n ayr\u0131lmaz par\u00e7as\u0131 haline gelen c\u00fczdanlar kimimiz i\u00e7in bir stat\u00fc sembol\u00fc hatta bir ba\u011f\u0131ml\u0131l\u0131k haline geldi. Ge\u00e7mi\u015fte sadece paralar\u0131m\u0131z\u0131, kimli\u011fimizi, kartlar\u0131m\u0131z\u0131 muhafaza etmek i\u00e7in \u00e7antalar\u0131m\u0131z\u0131n i\u00e7inde kulland\u0131\u011f\u0131m\u0131z c\u00fczdanlar bug\u00fcn \u00e7antalar\u0131n d\u0131\u015f\u0131na \u00e7\u0131karak vazge\u00e7ilmez aksesuarlar\u0131m\u0131z haline geldi. Yan\u0131m\u0131za hi\u00e7bir \u015fey almasakta i\u00e7ine kartlar\u0131m\u0131z\u0131, param\u0131z\u0131, kimli\u011fimizi koydu\u011fumuz c\u00fczdanlar hep bizimle. Her ihtiyaca uygun farkl\u0131 renk, desen ve dizayna sahip pek \u00e7ok c\u00fczdan modeli bulunmakta. Ancak san\u0131yoruz ki pek \u00e7o\u011fumuz i\u00e7in deri c\u00fczdanlar\u0131n yeri olduk\u00e7a ayr\u0131. \u00d6zellikle ger\u00e7ek deriden \u00fcretilen, kullan\u0131\u015fl\u0131 ve \u015f\u0131k bir dizayna sahip bir c\u00fczdana kim hay\u0131r diyebilir?<\/p>\n\n<p>Y\u00fcksek kaliteli deriden yap\u0131lm\u0131\u015f bir c\u00fczdana yat\u0131r\u0131m yapt\u0131ysan\u0131z muhtemelen onu korumak ve uzun s\u00fcreli kullanmak isteyeceksiniz. Ger\u00e7ek deri \u00fcr\u00fcnlerin kullan\u0131m s\u00fcrelerini uzatman\u0131n en iyi yolu onlar\u0131 do\u011fru \u015fekilde kullanmaktan ve s\u0131k s\u0131k bak\u0131mlar\u0131n\u0131 yapmaktan ge\u00e7iyor. Markal\u0131 olsun ya da olmas\u0131n ger\u00e7ek deriden \u00fcretilmi\u015f kaliteli bir c\u00fczdan de\u011ferli bir e\u015fyad\u0131r. Hatta b\u00f6yle bir c\u00fczdan sadece bir aksesuar de\u011fil ayn\u0131 zamanda ki\u015fili\u011finizin bir par\u00e7as\u0131d\u0131r.<\/p>\n\n<p>Deri c\u00fczdan temizli\u011fi ve bak\u0131m\u0131 ilk ba\u015fta sizin i\u00e7in zor ya da gereksiz gelebilir. Ancak d\u00fczenli temizlik ve bak\u0131m deri c\u00fczdan\u0131n\u0131z\u0131n standartlar\u0131n\u0131 koruyacak ayn\u0131 zamanda s\u00fcrekli olarak g\u00fczel g\u00f6r\u00fcnmesini sa\u011flayacakt\u0131r. Bu sayede onu ta\u015f\u0131maktan her zaman mutluluk duyacaks\u0131z.<\/p>\n\n<p><strong>Deri C\u00fczdan\u0131 Uzun S\u00fcre Kullanabilmek \u0130\u00e7in Nelere Dikkat Etmeliyiz?<\/strong><\/p>\n<br \/>\n<ul>\n<li>C\u00fczdan\u0131n\u0131z\u0131 kirli bir y\u00fczeyde tutmamaya ve daima temiz el ile kullanmaya \u00f6zen g\u00f6sterin.<\/li>\n<li>Deri c\u00fczdan\u0131n\u0131z\u0131 a\u015f\u0131r\u0131 temizlemekten ve a\u011f\u0131r temizleyici kimyasallar kullanmaktan ka\u00e7\u0131n\u0131n.<\/li>\n<li>C\u00fczdan\u0131n\u0131z\u0131n materalyeline ve deri t\u00fcr\u00fcne uygun temizleyiciler kullan\u0131n.<\/li>\n<li>C\u00fczdan\u0131n\u0131z\u0131 a\u015f\u0131r\u0131 doldurmaktan ka\u00e7\u0131n\u0131n. Deri gerildi\u011finde orjinal \u015fekline d\u00f6nmekte zorluk \u00e7ekebilir.<\/li>\n<li>C\u00fczdan\u0131n\u0131z\u0131n ayr\u0131 bir bozuk para b\u00f6lmesi yoksa i\u00e7inde bozuk para ta\u015f\u0131mamaya \u00f6zen g\u00f6sterin.<\/li>\n<li>Deri c\u00fczdan\u0131n nefes almas\u0131na izin verin. Koruma ama\u00e7l\u0131 da olsa ekstra bir k\u0131l\u0131fa ya da plasti\u011fe sarmay\u0131n.<\/li>\n<li>C\u00fczdan\u0131n\u0131z\u0131n \u0131slanmas\u0131 durumunda kesinlikle f\u00f6n makinas\u0131 kullanmay\u0131n. Oda s\u0131cakl\u0131\u011f\u0131nda kendi halinde kurumaya b\u0131rak\u0131n.<\/li>\n<\/ul>\n\n<p><strong>Deri C\u00fczdan Bak\u0131m\u0131 Do\u011fru \u015eekilde Nas\u0131l Yap\u0131l\u0131r?<\/strong><\/p>\n\n<p>Ger\u00e7ek deri c\u00fczdanlar zaman i\u00e7erisinde belirli bir doku geli\u015ftirir ve i\u015fin asl\u0131 ya\u015fland\u0131k\u00e7a daha g\u00fczel g\u00f6r\u00fcn\u00fcrler. Bunu geri almak ya da d\u00fczeltmek yerine deri c\u00fczdan\u0131n\u0131za do\u011fru bak\u0131m yaparak do\u011fal kalitesini ve g\u00fczelli\u011fini korumak daha \u00f6nemlidir. Peki, do\u011fru deri c\u00fczdan bak\u0131m\u0131 nas\u0131l yap\u0131l\u0131r?<\/p>\n<br \/>\n<ul>\n<li>\u00d6ncelikle kesinlikle a\u011f\u0131r kimyasallar i\u00e7eren temizlik maddelerinden uzak durmal\u0131y\u0131z.<\/li>\n<li>Deri c\u00fczdan\u0131n\u0131z\u0131n temizli\u011fini hafif nemli bir bezle ya da \u00f6zel deri temizleyici \u00fcr\u00fcnler ile yapabilirsiniz.<\/li>\n<li>Y\u00fczeydeki toz ve kiri temizlemek i\u00e7in kuru bir bez kullanabilirsiniz. \u0130\u00e7 k\u0131s\u0131mlar ve daha dar k\u00f6\u015feler i\u00e7in bir pipetten yard\u0131m alarak biriken tozu temizleyebilirsiniz.<\/li>\n<li>Deri i\u00e7in \u00f6zel form\u00fcle edilmi\u015f bir temizleyici ile c\u00fczdan\u0131n d\u0131\u015f y\u00fczeyini silebilirsiniz. Yumu\u015fak bir bez yard\u0131m\u0131 ile dairesel hareketler yaparak temizleyici uygulay\u0131p hemen ard\u0131ndan g\u00f6zeneklerin t\u0131kanmamas\u0131 i\u00e7in nemli bir bezle durulama yapabilirsiniz. Baz\u0131 deri temizleyici malzemeler deri \u00fczerinde a\u011farma ya da renkte solmaya neden olabilir. Bu sebeple \u00f6nce ufak bir alanda deneme yapabilirsiniz.<\/li>\n<li>Sonraki ad\u0131ma ge\u00e7meden \u00f6nce deri c\u00fczdan\u0131n\u0131z\u0131n iyice kurudu\u011fundan emin olun.<\/li>\n<li>Son ad\u0131m olarak deriler i\u00e7in \u00f6zel \u00fcretilen nemlendirici kremler ile bak\u0131m\u0131n\u0131z\u0131 tamamlayabilirsiniz. Bu tarz \u00fcr\u00fcnleri ilk \u00f6nce c\u00fczdan\u0131n g\u00f6r\u00fcnmeyecek ufak bir k\u00f6\u015fesinde denemenizde fayda vard\u0131r.<\/li>\n<li>Deri yumu\u015fat\u0131c\u0131 \u00fcr\u00fcnler deri \u00fcr\u00fcnlerinizi nemlendirmek ve liflerinin esnek kalmas\u0131n\u0131 sa\u011flamak i\u00e7in kullan\u0131l\u0131r. Pek \u00e7ok farkl\u0131 deri yumu\u015fat\u0131c\u0131 vard\u0131r. Hangisini se\u00e7ece\u011finiz derinizin t\u00fcr\u00fcne, nas\u0131l kullan\u0131ld\u0131\u011f\u0131na g\u00f6re de\u011fi\u015fiklik g\u00f6sterecektir.<\/li>\n<li>Uzun s\u00fcreli deri \u00fcr\u00fcn kullan\u0131m\u0131 i\u00e7in do\u011fal i\u00e7erikli \u00fcr\u00fcnleri tercih etmeniz \u00f6nemlidir.<\/li>\n<li>Deri c\u00fczdan\u0131n\u0131z\u0131 \u00e7ok s\u0131k temizlemeniz do\u011fal dokusuna zarar verebilir. G\u00fcnl\u00fck kuru toz almak ve ayda bir kere detayl\u0131 bak\u0131m yapmak yeterli olacakt\u0131r.<\/li>\n<\/ul>\n<p> \u00a0Merve Alt\u0131n &#8220;Erciyes Deri \u0130\u00e7in yazd\u0131. 18.04.2022&#8221;<\/p>\n<p>[\/vc_column_text][\/vc_column][\/vc_row]<\/p>\n","protected":false},"excerpt":{"rendered":"<p>[vc_row][vc_column][vc_column_text] &nbsp; Deri C\u00fczdan Kullan\u0131m ve Bak\u0131m\u0131 Hakk\u0131nda Bilinmesi Gerekenler &nbsp; \u00a0 \u00a0G\u00fcnl\u00fck ya\u015fam\u0131m\u0131z\u0131n ayr\u0131lmaz par\u00e7as\u0131 haline gelen c\u00fczdanlar kimimiz i\u00e7in bir stat\u00fc sembol\u00fc hatta bir ba\u011f\u0131ml\u0131l\u0131k haline geldi. Ge\u00e7mi\u015fte sadece paralar\u0131m\u0131z\u0131, kimli\u011fimizi, kartlar\u0131m\u0131z\u0131 muhafaza etmek i\u00e7in \u00e7antalar\u0131m\u0131z\u0131n i\u00e7inde kulland\u0131\u011f\u0131m\u0131z c\u00fczdanlar bug\u00fcn \u00e7antalar\u0131n d\u0131\u015f\u0131na \u00e7\u0131karak vazge\u00e7ilmez aksesuarlar\u0131m\u0131z haline geldi. Yan\u0131m\u0131za hi\u00e7bir \u015fey almasakta i\u00e7ine kartlar\u0131m\u0131z\u0131, [&hellip;]<\/p>\n","protected":false},"author":1,"featured_media":0,"parent":0,"menu_order":0,"comment_status":"closed","ping_status":"closed","template":"","meta":[],"yoast_head":"<!-- This site is optimized with the Yoast SEO plugin v18.2 - https:\/\/yoast.com\/wordpress\/plugins\/seo\/ -->\n<title>Deri C\u00fczdan Kullan\u0131m ve Bak\u0131m\u0131 Hakk\u0131nda Bilinmesi Gerekenler - Erciyes Deri<\/title>\n<meta name=\"robots\" content=\"index, follow, max-snippet:-1, max-image-preview:large, max-video-preview:-1\" \/>\n<link rel=\"canonical\" href=\"https:\/\/erciyesderi.com\/index.php\/deri-cuzdan-kullanim-ve-bakimi-hakkinda-bilinmesi-gerekenler\/\" \/>\n<meta property=\"og:locale\" content=\"tr_TR\" \/>\n<meta property=\"og:type\" content=\"article\" \/>\n<meta property=\"og:title\" content=\"Deri C\u00fczdan Kullan\u0131m ve Bak\u0131m\u0131 Hakk\u0131nda Bilinmesi Gerekenler - Erciyes Deri\" \/>\n<meta property=\"og:description\" content=\"[vc_row][vc_column][vc_column_text] &nbsp; Deri C\u00fczdan Kullan\u0131m ve Bak\u0131m\u0131 Hakk\u0131nda Bilinmesi Gerekenler &nbsp; \u00a0 \u00a0G\u00fcnl\u00fck ya\u015fam\u0131m\u0131z\u0131n ayr\u0131lmaz par\u00e7as\u0131 haline gelen c\u00fczdanlar kimimiz i\u00e7in bir stat\u00fc sembol\u00fc hatta bir ba\u011f\u0131ml\u0131l\u0131k haline geldi. Ge\u00e7mi\u015fte sadece paralar\u0131m\u0131z\u0131, kimli\u011fimizi, kartlar\u0131m\u0131z\u0131 muhafaza etmek i\u00e7in \u00e7antalar\u0131m\u0131z\u0131n i\u00e7inde kulland\u0131\u011f\u0131m\u0131z c\u00fczdanlar bug\u00fcn \u00e7antalar\u0131n d\u0131\u015f\u0131na \u00e7\u0131karak vazge\u00e7ilmez aksesuarlar\u0131m\u0131z haline geldi. Yan\u0131m\u0131za hi\u00e7bir \u015fey almasakta i\u00e7ine kartlar\u0131m\u0131z\u0131, [&hellip;]\" \/>\n<meta property=\"og:url\" content=\"https:\/\/erciyesderi.com\/index.php\/deri-cuzdan-kullanim-ve-bakimi-hakkinda-bilinmesi-gerekenler\/\" \/>\n<meta property=\"og:site_name\" content=\"Erciyes Deri\" \/>\n<meta property=\"article:modified_time\" content=\"2022-04-18T18:26:27+00:00\" \/>\n<meta name=\"twitter:card\" content=\"summary_large_image\" \/>\n<meta name=\"twitter:label1\" content=\"Tahmini okuma s\u00fcresi\" \/>\n\t<meta name=\"twitter:data1\" content=\"4 dakika\" \/>\n<script type=\"application\/ld+json\" class=\"yoast-schema-graph\">{\"@context\":\"https:\/\/schema.org\",\"@graph\":[{\"@type\":\"WebSite\",\"@id\":\"https:\/\/erciyesderi.com\/#website\",\"url\":\"https:\/\/erciyesderi.com\/\",\"name\":\"Erciyes Deri\",\"description\":\"Deri \u00dcreticisi\",\"potentialAction\":[{\"@type\":\"SearchAction\",\"target\":{\"@type\":\"EntryPoint\",\"urlTemplate\":\"https:\/\/erciyesderi.com\/?s={search_term_string}\"},\"query-input\":\"required name=search_term_string\"}],\"inLanguage\":\"tr\"},{\"@type\":\"WebPage\",\"@id\":\"https:\/\/erciyesderi.com\/index.php\/deri-cuzdan-kullanim-ve-bakimi-hakkinda-bilinmesi-gerekenler\/#webpage\",\"url\":\"https:\/\/erciyesderi.com\/index.php\/deri-cuzdan-kullanim-ve-bakimi-hakkinda-bilinmesi-gerekenler\/\",\"name\":\"Deri C\u00fczdan Kullan\u0131m ve Bak\u0131m\u0131 Hakk\u0131nda Bilinmesi Gerekenler - Erciyes Deri\",\"isPartOf\":{\"@id\":\"https:\/\/erciyesderi.com\/#website\"},\"datePublished\":\"2022-04-18T16:18:22+00:00\",\"dateModified\":\"2022-04-18T18:26:27+00:00\",\"breadcrumb\":{\"@id\":\"https:\/\/erciyesderi.com\/index.php\/deri-cuzdan-kullanim-ve-bakimi-hakkinda-bilinmesi-gerekenler\/#breadcrumb\"},\"inLanguage\":\"tr\",\"potentialAction\":[{\"@type\":\"ReadAction\",\"target\":[\"https:\/\/erciyesderi.com\/index.php\/deri-cuzdan-kullanim-ve-bakimi-hakkinda-bilinmesi-gerekenler\/\"]}]},{\"@type\":\"BreadcrumbList\",\"@id\":\"https:\/\/erciyesderi.com\/index.php\/deri-cuzdan-kullanim-ve-bakimi-hakkinda-bilinmesi-gerekenler\/#breadcrumb\",\"itemListElement\":[{\"@type\":\"ListItem\",\"position\":1,\"name\":\"Anasayfa\",\"item\":\"https:\/\/erciyesderi.com\/\"},{\"@type\":\"ListItem\",\"position\":2,\"name\":\"Deri C\u00fczdan Kullan\u0131m ve Bak\u0131m\u0131 Hakk\u0131nda Bilinmesi Gerekenler\"}]}]}<\/script>\n<!-- \/ Yoast SEO plugin. -->","yoast_head_json":{"title":"Deri C\u00fczdan Kullan\u0131m ve Bak\u0131m\u0131 Hakk\u0131nda Bilinmesi Gerekenler - Erciyes Deri","robots":{"index":"index","follow":"follow","max-snippet":"max-snippet:-1","max-image-preview":"max-image-preview:large","max-video-preview":"max-video-preview:-1"},"canonical":"https:\/\/erciyesderi.com\/index.php\/deri-cuzdan-kullanim-ve-bakimi-hakkinda-bilinmesi-gerekenler\/","og_locale":"tr_TR","og_type":"article","og_title":"Deri C\u00fczdan Kullan\u0131m ve Bak\u0131m\u0131 Hakk\u0131nda Bilinmesi Gerekenler - Erciyes Deri","og_description":"[vc_row][vc_column][vc_column_text] &nbsp; Deri C\u00fczdan Kullan\u0131m ve Bak\u0131m\u0131 Hakk\u0131nda Bilinmesi Gerekenler &nbsp; \u00a0 \u00a0G\u00fcnl\u00fck ya\u015fam\u0131m\u0131z\u0131n ayr\u0131lmaz par\u00e7as\u0131 haline gelen c\u00fczdanlar kimimiz i\u00e7in bir stat\u00fc sembol\u00fc hatta bir ba\u011f\u0131ml\u0131l\u0131k haline geldi. Ge\u00e7mi\u015fte sadece paralar\u0131m\u0131z\u0131, kimli\u011fimizi, kartlar\u0131m\u0131z\u0131 muhafaza etmek i\u00e7in \u00e7antalar\u0131m\u0131z\u0131n i\u00e7inde kulland\u0131\u011f\u0131m\u0131z c\u00fczdanlar bug\u00fcn \u00e7antalar\u0131n d\u0131\u015f\u0131na \u00e7\u0131karak vazge\u00e7ilmez aksesuarlar\u0131m\u0131z haline geldi. Yan\u0131m\u0131za hi\u00e7bir \u015fey almasakta i\u00e7ine kartlar\u0131m\u0131z\u0131, [&hellip;]","og_url":"https:\/\/erciyesderi.com\/index.php\/deri-cuzdan-kullanim-ve-bakimi-hakkinda-bilinmesi-gerekenler\/","og_site_name":"Erciyes Deri","article_modified_time":"2022-04-18T18:26:27+00:00","twitter_card":"summary_large_image","twitter_misc":{"Tahmini okuma s\u00fcresi":"4 dakika"},"schema":{"@context":"https:\/\/schema.org","@graph":[{"@type":"WebSite","@id":"https:\/\/erciyesderi.com\/#website","url":"https:\/\/erciyesderi.com\/","name":"Erciyes Deri","description":"Deri \u00dcreticisi","potentialAction":[{"@type":"SearchAction","target":{"@type":"EntryPoint","urlTemplate":"https:\/\/erciyesderi.com\/?s={search_term_string}"},"query-input":"required name=search_term_string"}],"inLanguage":"tr"},{"@type":"WebPage","@id":"https:\/\/erciyesderi.com\/index.php\/deri-cuzdan-kullanim-ve-bakimi-hakkinda-bilinmesi-gerekenler\/#webpage","url":"https:\/\/erciyesderi.com\/index.php\/deri-cuzdan-kullanim-ve-bakimi-hakkinda-bilinmesi-gerekenler\/","name":"Deri C\u00fczdan Kullan\u0131m ve Bak\u0131m\u0131 Hakk\u0131nda Bilinmesi Gerekenler - Erciyes Deri","isPartOf":{"@id":"https:\/\/erciyesderi.com\/#website"},"datePublished":"2022-04-18T16:18:22+00:00","dateModified":"2022-04-18T18:26:27+00:00","breadcrumb":{"@id":"https:\/\/erciyesderi.com\/index.php\/deri-cuzdan-kullanim-ve-bakimi-hakkinda-bilinmesi-gerekenler\/#breadcrumb"},"inLanguage":"tr","potentialAction":[{"@type":"ReadAction","target":["https:\/\/erciyesderi.com\/index.php\/deri-cuzdan-kullanim-ve-bakimi-hakkinda-bilinmesi-gerekenler\/"]}]},{"@type":"BreadcrumbList","@id":"https:\/\/erciyesderi.com\/index.php\/deri-cuzdan-kullanim-ve-bakimi-hakkinda-bilinmesi-gerekenler\/#breadcrumb","itemListElement":[{"@type":"ListItem","position":1,"name":"Anasayfa","item":"https:\/\/erciyesderi.com\/"},{"@type":"ListItem","position":2,"name":"Deri C\u00fczdan Kullan\u0131m ve Bak\u0131m\u0131 Hakk\u0131nda Bilinmesi Gerekenler"}]}]}},"_links":{"self":[{"href":"https:\/\/erciyesderi.com\/index.php\/wp-json\/wp\/v2\/pages\/4390"}],"collection":[{"href":"https:\/\/erciyesderi.com\/index.php\/wp-json\/wp\/v2\/pages"}],"about":[{"href":"https:\/\/erciyesderi.com\/index.php\/wp-json\/wp\/v2\/types\/page"}],"author":[{"embeddable":true,"href":"https:\/\/erciyesderi.com\/index.php\/wp-json\/wp\/v2\/users\/1"}],"replies":[{"embeddable":true,"href":"https:\/\/erciyesderi.com\/index.php\/wp-json\/wp\/v2\/comments?post=4390"}],"version-history":[{"count":4,"href":"https:\/\/erciyesderi.com\/index.php\/wp-json\/wp\/v2\/pages\/4390\/revisions"}],"predecessor-version":[{"id":4408,"href":"https:\/\/erciyesderi.com\/index.php\/wp-json\/wp\/v2\/pages\/4390\/revisions\/4408"}],"wp:attachment":[{"href":"https:\/\/erciyesderi.com\/index.php\/wp-json\/wp\/v2\/media?parent=4390"}],"curies":[{"name":"wp","href":"https:\/\/api.w.org\/{rel}","templated":true}]}}