{"id":4393,"date":"2022-04-18T19:19:32","date_gmt":"2022-04-18T16:19:32","guid":{"rendered":"https:\/\/erciyesderi.com\/?page_id=4393"},"modified":"2022-04-18T21:26:08","modified_gmt":"2022-04-18T18:26:08","slug":"cuzdanin-tarihsel-yolculugu-cuzdan-kullanmaya-nasil-basladik","status":"publish","type":"page","link":"https:\/\/erciyesderi.com\/index.php\/cuzdanin-tarihsel-yolculugu-cuzdan-kullanmaya-nasil-basladik\/","title":{"rendered":"C\u00fczdan\u0131n Tarihsel Yolculu\u011fu: C\u00fczdan Kullanmaya Nas\u0131l Ba\u015flad\u0131k?"},"content":{"rendered":"<p>[vc_row][vc_column][vc_column_text]<\/p>\n<p>&nbsp;<\/p>\n<p><strong>C\u00fczdan\u0131n Tarihsel Yolculu\u011fu: C\u00fczdan Kullanmaya Nas\u0131l Ba\u015flad\u0131k?<\/strong><\/p>\n<p>&nbsp;<\/p>\n\n<p>\u00a0 \u00a0 G\u00fcnl\u00fck aksesuarlar\u0131m\u0131z\u0131n en \u00f6nemli par\u00e7as\u0131 olan c\u00fczdan\u0131n, insanl\u0131k tarihinin ilk zamanlar\u0131nda ortaya \u00e7\u0131km\u0131\u015f olmas\u0131 bizler i\u00e7in \u015fa\u015f\u0131rt\u0131c\u0131 olmasa gerek. Bug\u00fcn bizlerin ayr\u0131lmaz bir par\u00e7as\u0131 haline gelmi\u015f olan c\u00fczdan\u0131n ilkel versiyonu olan ilk c\u00fczdan, insanl\u0131k tarihinin ba\u015flar\u0131nda zorunluluktan do\u011fmu\u015f ve o zamandan g\u00fcn\u00fcm\u00fcze kadar gelmi\u015ftir. Bug\u00fcn bir stat\u00fc sembol\u00fc hatta moda amblemi haline gelmi\u015ftir. Bir \u00e7o\u011fumuzun evden \u00e7\u0131kmadan \u00f6nce kontrol etti\u011fi son \u015fey olan, g\u00fcnl\u00fck modern ya\u015fam i\u00e7in gereklilik haline gelen c\u00fczdanlar ge\u00e7mi\u015ften bug\u00fcne nas\u0131l bir yolculuk ger\u00e7ekle\u015ftirdi merak ediyor musunuz?<\/p>\n\n<p><strong>Nas\u0131l Ba\u015flad\u0131?<\/strong><\/p>\n\n<p>Baz\u0131lar\u0131 tanr\u0131 Hermes\u2019in ta\u015f\u0131d\u0131\u011f\u0131 \u00e7uval\u0131 tan\u0131mlamak i\u00e7in kullan\u0131lan kelime olan \u201ckibisis\u201d kelimesinden t\u00fcredi\u011fini iddia etse de asl\u0131nda c\u00fczdan kelimesinin k\u00f6keni belirsizdir. C\u00fczdan kelimesinin de\u011ferli e\u015fyalar\u0131 ta\u015f\u0131mak i\u00e7in kullan\u0131lan d\u00fcz bir keseyi i\u015faret eden anlam\u0131 ka\u011f\u0131t paran\u0131n ortaya \u00e7\u0131kmas\u0131 ile bug\u00fcn bildi\u011fimiz g\u00fcncel haline d\u00f6n\u00fc\u015ft\u00fc.<\/p>\n\n<p>\u0130lk c\u00fczdan olarak tan\u0131mlayabilece\u011fimiz \u00e7o\u011funlukla insanlar\u0131n bir iple kemerlerine ya da bellerine ba\u011flad\u0131klar\u0131 kuma\u015f par\u00e7alar\u0131n\u0131n temel kullan\u0131m amac\u0131 o zamanlar kullan\u0131lan madeni paralar\u0131 saklamak ya da belki de g\u00fcnl\u00fck yemeklerini ta\u015f\u0131makt\u0131. Bug\u00fcn zihnimizde sadece ka\u011f\u0131t paralar\u0131, kredi kartlar\u0131n\u0131 ya da kimliklerimizi saklamak i\u00e7in kulland\u0131\u011f\u0131m\u0131z\u0131 d\u00fc\u015f\u00fcnd\u00fc\u011f\u00fcm\u00fcz c\u00fczdanlar asl\u0131nda ka\u011f\u0131t banknotlar\u0131n icad\u0131ndan \u00e7ok \u00f6nce kullan\u0131lmaya ba\u015flanm\u0131\u015ft\u0131. Neredeyse k\u00f6kleri Arkaik D\u00f6neme kadar uzanan c\u00fczdanlar o zamanlar i\u00e7in paran\u0131n ta\u015f\u0131nmas\u0131ndan \u00e7ok beslenme \u00e7antas\u0131 g\u00f6revi i\u00e7in kullan\u0131yordur. Bunun d\u0131\u015f\u0131nda s\u0131k s\u0131k g\u00f6\u00e7 veya seyahat etmek zorunda kalan insanlar\u0131n i\u00e7ine de\u011ferli ve k\u00fc\u00e7\u00fck e\u015fyalar\u0131n\u0131, not defterlerini koyduklar\u0131 bir nesneydi.<\/p>\n\n<p><strong>Nas\u0131l Devam Etti?<\/strong><\/p>\n\n<p>1800\u2019l\u00fc y\u0131llarda c\u00fczdanlar yava\u015f yava\u015f geli\u015fen \u015fartlara uyum sa\u011flamaya ba\u015flad\u0131. Art\u0131k sadece k\u00fc\u00e7\u00fck e\u015fyalar\u0131, madeni paralar\u0131 ya da yiyecekleri tutmak yerine \u00f6zellikle \u0130ngiltere\u2019de t\u00fct\u00fcn ve sigara aksesuarlar\u0131n\u0131 ta\u015f\u0131mak i\u00e7in kullan\u0131lmaya ba\u015fland\u0131. G\u00fcn\u00fcm\u00fczdeki modern haline evrilmeden \u00f6nce asl\u0131nda c\u00fczdanlar bir d\u00f6nem sigara tabakas\u0131 olarak kullan\u0131ld\u0131. Geli\u015fen yeni d\u00fcnya d\u00fczeni ile beraber insanlar\u0131n \u201cc\u00fczdanda\u201d yemek ta\u015f\u0131yor olmas\u0131 medeni olmayan bir davran\u0131\u015f olarak g\u00f6r\u00fclmeye ba\u015flad\u0131. Ve bu da insanl\u0131k tarihinin ba\u015f\u0131ndan 1800\u2019l\u00fc y\u0131llara kadar s\u00fcren eski bir gelenek olarak geride kald\u0131. Ek olarak, c\u00fczdan\u0131 art\u0131k kemere takarak ya da bele ba\u011flayarak ta\u015f\u0131makta eski moda haline d\u00f6n\u00fc\u015ft\u00fc. C\u00fczdanlar bu d\u00f6nemde bug\u00fcnk\u00fc modern haline benzer bir tasar\u0131ma d\u00f6n\u00fc\u015fmeye ba\u015flam\u0131\u015ft\u0131r. Farkl\u0131 materyallerden katlanabilir, daha cep boyutunda \u00fcr\u00fcnler \u00fcretilmeye ba\u015fland\u0131.<\/p>\n\n<p>Deri kullan\u0131m\u0131 Orta\u00e7a\u011f kadar eski zamanlara uzansa da Sanayi Devrimi ile beraber deri \u00fcr\u00fcnleri insanlar i\u00e7in daha eri\u015filebilir bir hale geldi. S\u00fcre\u00e7 i\u00e7erisinde ortaya \u00e7\u0131kan yeni teknolojiler, kullan\u0131lan malzemelerin c\u00fczdan stillerini geli\u015ftirecek ve se\u00e7eneklerini artt\u0131racak \u015fekilde boyayabilece\u011fi, ya\u011flanabilece\u011fi ve korunabilece\u011fi konusunda geli\u015fmemizi sa\u011flar.<\/p>\n\n<p><strong>Bug\u00fcn Neredeyiz?<\/strong><\/p>\n\n<p>Bug\u00fcn kulland\u0131\u011f\u0131m\u0131z modern hali ile bile c\u00fczdanlar ge\u00e7mi\u015flerinden tamamen kopmu\u015f say\u0131lmazlar. Art\u0131k i\u00e7inde yemek ta\u015f\u0131d\u0131\u011f\u0131m\u0131z ya da sikkelerimizi saklad\u0131\u011f\u0131m\u0131z bir aksesuar olmasa da bizim i\u00e7in de\u011ferli materyalleri saklad\u0131\u011f\u0131m\u0131z, ki\u015fiselle\u015ftirilmi\u015f, de\u011ferli nesneler. Modernle\u015fen d\u00fcnya ile birlikte c\u00fczdanlar\u0131n y\u0131kanabilir, su ge\u00e7irmez, desenli, renkli ve ince pek \u00e7ok farkl\u0131 versiyonu ortaya \u00e7\u0131kt\u0131. \u00d6zellikle 1950\u2019lerde kredi kart\u0131n\u0131n icad\u0131 ile birlikte c\u00fczdanlar tasar\u0131msal olarak ger\u00e7ek bir evrim ge\u00e7irdi. Sadece ka\u011f\u0131t paralar\u0131 koyabilece\u011fimiz alanlar de\u011fil kredi kartlar\u0131m\u0131z\u0131, kimli\u011fimizi yerle\u015ftirebilece\u011fimiz \u00f6zel yuval\u0131 alanlar eklendi. \u00d6zellikle son birka\u00e7 y\u0131lda iki katl\u0131, \u00fc\u00e7 katl\u0131 c\u00fczdanlardan ak\u0131ll\u0131 telefon c\u00fczdanlar\u0131na kadar pek \u00e7ok farkl\u0131 model t\u00fcketici ile bulu\u015fturuldu. Bug\u00fcn geldi\u011fimiz noktada her t\u00fcrl\u00fc ihtiyaca y\u00f6nelik \u00e7e\u015fit \u00e7e\u015fit c\u00fczdanlar \u00fcretiliyor olsa da Eski Yunanl\u0131lardan bug\u00fcne kadar gelen \u201cderi\u201d c\u00fczdanlar\u0131n modas\u0131 asla ge\u00e7meyecek gibi duruyor.<\/p>\n<p> \u00a0Merve Alt\u0131n &#8220;Erciyes Deri \u0130\u00e7in yazd\u0131. 18.04.2022&#8221;<\/p>\n<p>[\/vc_column_text][\/vc_column][\/vc_row]<\/p>\n","protected":false},"excerpt":{"rendered":"<p>[vc_row][vc_column][vc_column_text] &nbsp; C\u00fczdan\u0131n Tarihsel Yolculu\u011fu: C\u00fczdan Kullanmaya Nas\u0131l Ba\u015flad\u0131k? &nbsp; \u00a0 \u00a0 G\u00fcnl\u00fck aksesuarlar\u0131m\u0131z\u0131n en \u00f6nemli par\u00e7as\u0131 olan c\u00fczdan\u0131n, insanl\u0131k tarihinin ilk zamanlar\u0131nda ortaya \u00e7\u0131km\u0131\u015f olmas\u0131 bizler i\u00e7in \u015fa\u015f\u0131rt\u0131c\u0131 olmasa gerek. Bug\u00fcn bizlerin ayr\u0131lmaz bir par\u00e7as\u0131 haline gelmi\u015f olan c\u00fczdan\u0131n ilkel versiyonu olan ilk c\u00fczdan, insanl\u0131k tarihinin ba\u015flar\u0131nda zorunluluktan do\u011fmu\u015f ve o zamandan g\u00fcn\u00fcm\u00fcze kadar [&hellip;]<\/p>\n","protected":false},"author":1,"featured_media":0,"parent":0,"menu_order":0,"comment_status":"closed","ping_status":"closed","template":"","meta":[],"yoast_head":"<!-- This site is optimized with the Yoast SEO plugin v18.2 - https:\/\/yoast.com\/wordpress\/plugins\/seo\/ -->\n<title>C\u00fczdan\u0131n Tarihsel Yolculu\u011fu: C\u00fczdan Kullanmaya Nas\u0131l Ba\u015flad\u0131k? - Erciyes Deri<\/title>\n<meta name=\"robots\" content=\"index, follow, max-snippet:-1, max-image-preview:large, max-video-preview:-1\" \/>\n<link rel=\"canonical\" href=\"https:\/\/erciyesderi.com\/index.php\/cuzdanin-tarihsel-yolculugu-cuzdan-kullanmaya-nasil-basladik\/\" \/>\n<meta property=\"og:locale\" content=\"tr_TR\" \/>\n<meta property=\"og:type\" content=\"article\" \/>\n<meta property=\"og:title\" content=\"C\u00fczdan\u0131n Tarihsel Yolculu\u011fu: C\u00fczdan Kullanmaya Nas\u0131l Ba\u015flad\u0131k? - Erciyes Deri\" \/>\n<meta property=\"og:description\" content=\"[vc_row][vc_column][vc_column_text] &nbsp; C\u00fczdan\u0131n Tarihsel Yolculu\u011fu: C\u00fczdan Kullanmaya Nas\u0131l Ba\u015flad\u0131k? &nbsp; \u00a0 \u00a0 G\u00fcnl\u00fck aksesuarlar\u0131m\u0131z\u0131n en \u00f6nemli par\u00e7as\u0131 olan c\u00fczdan\u0131n, insanl\u0131k tarihinin ilk zamanlar\u0131nda ortaya \u00e7\u0131km\u0131\u015f olmas\u0131 bizler i\u00e7in \u015fa\u015f\u0131rt\u0131c\u0131 olmasa gerek. Bug\u00fcn bizlerin ayr\u0131lmaz bir par\u00e7as\u0131 haline gelmi\u015f olan c\u00fczdan\u0131n ilkel versiyonu olan ilk c\u00fczdan, insanl\u0131k tarihinin ba\u015flar\u0131nda zorunluluktan do\u011fmu\u015f ve o zamandan g\u00fcn\u00fcm\u00fcze kadar [&hellip;]\" \/>\n<meta property=\"og:url\" content=\"https:\/\/erciyesderi.com\/index.php\/cuzdanin-tarihsel-yolculugu-cuzdan-kullanmaya-nasil-basladik\/\" \/>\n<meta property=\"og:site_name\" content=\"Erciyes Deri\" \/>\n<meta property=\"article:modified_time\" content=\"2022-04-18T18:26:08+00:00\" \/>\n<meta name=\"twitter:card\" content=\"summary_large_image\" \/>\n<meta name=\"twitter:label1\" content=\"Tahmini okuma s\u00fcresi\" \/>\n\t<meta name=\"twitter:data1\" content=\"4 dakika\" \/>\n<script type=\"application\/ld+json\" class=\"yoast-schema-graph\">{\"@context\":\"https:\/\/schema.org\",\"@graph\":[{\"@type\":\"WebSite\",\"@id\":\"https:\/\/erciyesderi.com\/#website\",\"url\":\"https:\/\/erciyesderi.com\/\",\"name\":\"Erciyes Deri\",\"description\":\"Deri \u00dcreticisi\",\"potentialAction\":[{\"@type\":\"SearchAction\",\"target\":{\"@type\":\"EntryPoint\",\"urlTemplate\":\"https:\/\/erciyesderi.com\/?s={search_term_string}\"},\"query-input\":\"required name=search_term_string\"}],\"inLanguage\":\"tr\"},{\"@type\":\"WebPage\",\"@id\":\"https:\/\/erciyesderi.com\/index.php\/cuzdanin-tarihsel-yolculugu-cuzdan-kullanmaya-nasil-basladik\/#webpage\",\"url\":\"https:\/\/erciyesderi.com\/index.php\/cuzdanin-tarihsel-yolculugu-cuzdan-kullanmaya-nasil-basladik\/\",\"name\":\"C\u00fczdan\u0131n Tarihsel Yolculu\u011fu: C\u00fczdan Kullanmaya Nas\u0131l Ba\u015flad\u0131k? - Erciyes Deri\",\"isPartOf\":{\"@id\":\"https:\/\/erciyesderi.com\/#website\"},\"datePublished\":\"2022-04-18T16:19:32+00:00\",\"dateModified\":\"2022-04-18T18:26:08+00:00\",\"breadcrumb\":{\"@id\":\"https:\/\/erciyesderi.com\/index.php\/cuzdanin-tarihsel-yolculugu-cuzdan-kullanmaya-nasil-basladik\/#breadcrumb\"},\"inLanguage\":\"tr\",\"potentialAction\":[{\"@type\":\"ReadAction\",\"target\":[\"https:\/\/erciyesderi.com\/index.php\/cuzdanin-tarihsel-yolculugu-cuzdan-kullanmaya-nasil-basladik\/\"]}]},{\"@type\":\"BreadcrumbList\",\"@id\":\"https:\/\/erciyesderi.com\/index.php\/cuzdanin-tarihsel-yolculugu-cuzdan-kullanmaya-nasil-basladik\/#breadcrumb\",\"itemListElement\":[{\"@type\":\"ListItem\",\"position\":1,\"name\":\"Anasayfa\",\"item\":\"https:\/\/erciyesderi.com\/\"},{\"@type\":\"ListItem\",\"position\":2,\"name\":\"C\u00fczdan\u0131n Tarihsel Yolculu\u011fu: C\u00fczdan Kullanmaya Nas\u0131l Ba\u015flad\u0131k?\"}]}]}<\/script>\n<!-- \/ Yoast SEO plugin. -->","yoast_head_json":{"title":"C\u00fczdan\u0131n Tarihsel Yolculu\u011fu: C\u00fczdan Kullanmaya Nas\u0131l Ba\u015flad\u0131k? - Erciyes Deri","robots":{"index":"index","follow":"follow","max-snippet":"max-snippet:-1","max-image-preview":"max-image-preview:large","max-video-preview":"max-video-preview:-1"},"canonical":"https:\/\/erciyesderi.com\/index.php\/cuzdanin-tarihsel-yolculugu-cuzdan-kullanmaya-nasil-basladik\/","og_locale":"tr_TR","og_type":"article","og_title":"C\u00fczdan\u0131n Tarihsel Yolculu\u011fu: C\u00fczdan Kullanmaya Nas\u0131l Ba\u015flad\u0131k? - Erciyes Deri","og_description":"[vc_row][vc_column][vc_column_text] &nbsp; C\u00fczdan\u0131n Tarihsel Yolculu\u011fu: C\u00fczdan Kullanmaya Nas\u0131l Ba\u015flad\u0131k? &nbsp; \u00a0 \u00a0 G\u00fcnl\u00fck aksesuarlar\u0131m\u0131z\u0131n en \u00f6nemli par\u00e7as\u0131 olan c\u00fczdan\u0131n, insanl\u0131k tarihinin ilk zamanlar\u0131nda ortaya \u00e7\u0131km\u0131\u015f olmas\u0131 bizler i\u00e7in \u015fa\u015f\u0131rt\u0131c\u0131 olmasa gerek. Bug\u00fcn bizlerin ayr\u0131lmaz bir par\u00e7as\u0131 haline gelmi\u015f olan c\u00fczdan\u0131n ilkel versiyonu olan ilk c\u00fczdan, insanl\u0131k tarihinin ba\u015flar\u0131nda zorunluluktan do\u011fmu\u015f ve o zamandan g\u00fcn\u00fcm\u00fcze kadar [&hellip;]","og_url":"https:\/\/erciyesderi.com\/index.php\/cuzdanin-tarihsel-yolculugu-cuzdan-kullanmaya-nasil-basladik\/","og_site_name":"Erciyes Deri","article_modified_time":"2022-04-18T18:26:08+00:00","twitter_card":"summary_large_image","twitter_misc":{"Tahmini okuma s\u00fcresi":"4 dakika"},"schema":{"@context":"https:\/\/schema.org","@graph":[{"@type":"WebSite","@id":"https:\/\/erciyesderi.com\/#website","url":"https:\/\/erciyesderi.com\/","name":"Erciyes Deri","description":"Deri \u00dcreticisi","potentialAction":[{"@type":"SearchAction","target":{"@type":"EntryPoint","urlTemplate":"https:\/\/erciyesderi.com\/?s={search_term_string}"},"query-input":"required name=search_term_string"}],"inLanguage":"tr"},{"@type":"WebPage","@id":"https:\/\/erciyesderi.com\/index.php\/cuzdanin-tarihsel-yolculugu-cuzdan-kullanmaya-nasil-basladik\/#webpage","url":"https:\/\/erciyesderi.com\/index.php\/cuzdanin-tarihsel-yolculugu-cuzdan-kullanmaya-nasil-basladik\/","name":"C\u00fczdan\u0131n Tarihsel Yolculu\u011fu: C\u00fczdan Kullanmaya Nas\u0131l Ba\u015flad\u0131k? - Erciyes Deri","isPartOf":{"@id":"https:\/\/erciyesderi.com\/#website"},"datePublished":"2022-04-18T16:19:32+00:00","dateModified":"2022-04-18T18:26:08+00:00","breadcrumb":{"@id":"https:\/\/erciyesderi.com\/index.php\/cuzdanin-tarihsel-yolculugu-cuzdan-kullanmaya-nasil-basladik\/#breadcrumb"},"inLanguage":"tr","potentialAction":[{"@type":"ReadAction","target":["https:\/\/erciyesderi.com\/index.php\/cuzdanin-tarihsel-yolculugu-cuzdan-kullanmaya-nasil-basladik\/"]}]},{"@type":"BreadcrumbList","@id":"https:\/\/erciyesderi.com\/index.php\/cuzdanin-tarihsel-yolculugu-cuzdan-kullanmaya-nasil-basladik\/#breadcrumb","itemListElement":[{"@type":"ListItem","position":1,"name":"Anasayfa","item":"https:\/\/erciyesderi.com\/"},{"@type":"ListItem","position":2,"name":"C\u00fczdan\u0131n Tarihsel Yolculu\u011fu: C\u00fczdan Kullanmaya Nas\u0131l Ba\u015flad\u0131k?"}]}]}},"_links":{"self":[{"href":"https:\/\/erciyesderi.com\/index.php\/wp-json\/wp\/v2\/pages\/4393"}],"collection":[{"href":"https:\/\/erciyesderi.com\/index.php\/wp-json\/wp\/v2\/pages"}],"about":[{"href":"https:\/\/erciyesderi.com\/index.php\/wp-json\/wp\/v2\/types\/page"}],"author":[{"embeddable":true,"href":"https:\/\/erciyesderi.com\/index.php\/wp-json\/wp\/v2\/users\/1"}],"replies":[{"embeddable":true,"href":"https:\/\/erciyesderi.com\/index.php\/wp-json\/wp\/v2\/comments?post=4393"}],"version-history":[{"count":4,"href":"https:\/\/erciyesderi.com\/index.php\/wp-json\/wp\/v2\/pages\/4393\/revisions"}],"predecessor-version":[{"id":4407,"href":"https:\/\/erciyesderi.com\/index.php\/wp-json\/wp\/v2\/pages\/4393\/revisions\/4407"}],"wp:attachment":[{"href":"https:\/\/erciyesderi.com\/index.php\/wp-json\/wp\/v2\/media?parent=4393"}],"curies":[{"name":"wp","href":"https:\/\/api.w.org\/{rel}","templated":true}]}}