{"id":4410,"date":"2022-05-10T20:25:22","date_gmt":"2022-05-10T17:25:22","guid":{"rendered":"https:\/\/erciyesderi.com\/?page_id=4410"},"modified":"2022-07-23T22:54:45","modified_gmt":"2022-07-23T19:54:45","slug":"deri-canta-kullanimi-ve-bakimi-hakkinda-bilinmesi-gerekenler","status":"publish","type":"page","link":"https:\/\/erciyesderi.com\/index.php\/deri-canta-kullanimi-ve-bakimi-hakkinda-bilinmesi-gerekenler\/","title":{"rendered":"Deri \u00c7anta Kullan\u0131m\u0131 ve Bak\u0131m\u0131 Hakk\u0131nda Bilinmesi Gerekenler"},"content":{"rendered":"<p>[vc_row][vc_column][vc_column_text]<\/p>\n<p>&nbsp;<\/p>\n<p>&nbsp;<\/p>\n<p><strong>\u00a0Deri \u00c7anta Kullan\u0131m\u0131 ve Bak\u0131m\u0131 Hakk\u0131nda Bilinmesi Gerekenler<\/strong><\/p>\n\n<p>D\u00fcr\u00fcst olmak gerekirse pek \u00e7o\u011fumuz i\u00e7in deri \u00fcr\u00fcnlerin ve aksesuarlar\u0131n yeri bir ba\u015fka. Deri, insanlar taraf\u0131ndan uzun y\u0131llard\u0131r giysi, e\u015fya, aksesuar gibi alanlarda kullan\u0131lmakta. Hatta bilinen en eski deri kullan\u0131m\u0131 M\u00d6 2000\u2019lere kadar uzanmakta. Deri \u00fcr\u00fcnlere olan merak\u0131m\u0131z bu y\u00fczy\u0131l\u0131n moda pop\u00fclaritesi gibi gelse de asl\u0131nda \u00e7ok daha eskilere dayanmaktad\u0131r.<\/p>\n\n<p>\u00d6zellikle \u00e7anta, c\u00fczdan gibi aksesuarlarda deri kullan\u0131m\u0131 son y\u0131llarda giderek artt\u0131 ve pek \u00e7ok kullan\u0131c\u0131 aras\u0131nda da pop\u00fcler hale geldi. \u0130nsanlar g\u00fcnl\u00fck ya\u015famlar\u0131nda hem kullan\u0131\u015fl\u0131 hem de \u015f\u0131k tercihler yapmaya ba\u015flad\u0131\u011f\u0131ndan beri deri aksesuarlara olan talep artt\u0131. Hangi alanda olursan\u0131z olun el yap\u0131m\u0131 ya da \u00f6zel \u00fcretim \u015f\u0131k deri \u00e7antalara hay\u0131r demek pekte kolay de\u011fil.<\/p>\n\n<p>Peki, son d\u00f6nemde yeniden pop\u00fcler hale gelen ger\u00e7ek deriden \u00fcretilen \u00e7antalar\u0131 kullanman\u0131n bizim i\u00e7in avantajlar\u0131 nelerdir? Gelin hep birlikte bir g\u00f6z atal\u0131m.<\/p>\n<br \/>\n<ul>\n<li><strong>Dayan\u0131kl\u0131l\u0131k ve Esneklik<\/strong><\/li>\n<\/ul>\n\n<p>Ger\u00e7ek deri dayan\u0131kl\u0131l\u0131\u011f\u0131 ve esnekli\u011fi ile bilinir. \u00c7anta ve c\u00fczdan gibi g\u00fcnl\u00fck aksesuarlarda s\u0131k\u00e7a kullan\u0131lma sebeplerinden biri budur. \u00d6rne\u011fin, deri \u00e7antan\u0131z\u0131 y\u0131rtma ya da \u00e7abuk a\u015f\u0131nma gibi korkular ya\u015famadan her g\u00fcn kullanabilirsiniz. Derinin do\u011fal esnek bir yap\u0131ya sahip olmas\u0131 ise dayan\u0131kl\u0131l\u0131\u011f\u0131n\u0131n tamamlay\u0131c\u0131 bir \u00f6zelli\u011fidir. Deri \u00fcr\u00fcnler uzun y\u0131llar kullan\u0131ld\u0131\u011f\u0131nda esnekle\u015ferek e\u015fsiz bir form al\u0131r ve i\u015flevselli\u011finden hi\u00e7bir \u015fey kaybetmeden kullan\u0131lmaya devam edilebilir.<\/p>\n<br \/>\n<ul>\n<li><strong>Do\u011fal ve \u00c7evre Dostu<\/strong><\/li>\n<\/ul>\n\n<p>Deri, \u00e7anta \u00fcretiminde kullan\u0131lan di\u011fer sentetik malzemelerden farkl\u0131 olarak do\u011fal bir \u00fcr\u00fcnd\u00fcr. Sentetik malzemeler ile \u00fcretilen suni \u00e7antalar kullan\u0131lan a\u011f\u0131r kimyasallar nedeni ile ayn\u0131 zamanda \u00e7evre kirlili\u011fine de sebep olur. Oysa, ger\u00e7ek deriden \u00fcretilen do\u011fa dostu \u00e7antalar\u0131 kullanmak \u00e7evreye zarar vermedi\u011fi ve do\u011fal oldu\u011fu i\u00e7in her zaman \u00e7ok daha iyi hissettirir.<\/p>\n<br \/>\n<ul>\n<li><strong>Uzun \u00d6m\u00fcrl\u00fc Kullan\u0131m<\/strong><\/li>\n<\/ul>\n\n<p>Deri \u00e7antalar do\u011fal yap\u0131s\u0131 gere\u011fi nefes al\u0131r. Bu da \u00e7antan\u0131z\u0131n kullan\u0131m \u00f6mr\u00fcn\u00fc uzat\u0131r. Suni ya da sentetik \u00fcr\u00fcnler ile yap\u0131lan \u00e7antalarda koku, mantar, k\u00fcf gibi sorunlar ortaya \u00e7\u0131kabilecek iken ger\u00e7ek deriden \u00fcretilmi\u015f bir \u00e7antada bunlar\u0131 ya\u015faman\u0131z m\u00fcmk\u00fcn de\u011fildir.<\/p>\n<br \/>\n<ul>\n<li><strong>B\u00fct\u00e7e Dostu<\/strong><\/li>\n<\/ul>\n\n<p>Ger\u00e7ek deriden \u00fcretilmi\u015f bir \u00e7anta alman\u0131n pahal\u0131 oldu\u011funu d\u00fc\u015f\u00fcnebilirsiniz ve sat\u0131n alma konusunda teredd\u00fctler ya\u015fayabilirsiniz.Ancak ufak bir hesaplama ile asl\u0131nda ger\u00e7ek deri \u00e7antalar\u0131n b\u00fct\u00e7e dostu oldu\u011funu fark edeceksiniz. Hakiki, birinci s\u0131n\u0131f deri bir \u00e7antaya yat\u0131r\u0131m yapt\u0131\u011f\u0131n\u0131zda onu olduk\u00e7a uzun s\u00fcre kullanabilece\u011finizden emin olabilirsiniz. Oysa, suni ya da sentetik malzemelerden \u00fcretilmi\u015f bir \u00e7anta ald\u0131\u011f\u0131n\u0131zda her 3-4 ayda bir de\u011fi\u015ftirmek zorunda kalabilirsiniz.<\/p>\n<br \/>\n<ul>\n<li><strong>\u015e\u0131k ve Zarif Tasar\u0131mlar<\/strong><\/li>\n<\/ul>\n\n<p>Bir deri \u00e7antan\u0131n zarif ve incelikli tasar\u0131m\u0131 san\u0131r\u0131m hepimizin kabul etti\u011fi ilk \u015fey olabilir. Hangi renk ya da tasar\u0131mda olursa olsun deri bir \u00e7antaya sahip oldu\u011funuzda tarz\u0131n\u0131za ekstra bir \u015f\u0131kl\u0131k, g\u00f6steri\u015f kat\u0131laca\u011f\u0131 tart\u0131\u015fmas\u0131z bir ger\u00e7ektir.<\/p>\n\n<p><strong>Deri \u00c7anta Temizlik ve Bak\u0131m\u0131nda Nelere Dikkat Etmelisiniz?<\/strong><\/p>\n<br \/>\n<ul>\n<li>Belirli aral\u0131klar ile deri \u00e7antan\u0131z\u0131 yumu\u015fak, hafif nemli bir bez ile temizleyin.<\/li>\n<li>Deri temizli\u011fi i\u00e7in \u00f6zel \u00fcretilen malzemeler ile daha detayl\u0131 olarak temizleyebilirsiniz. Deri temizleyicisini \u00a0dairesel hareketler ile uygulay\u0131n sonras\u0131nda g\u00f6zeneklerin t\u0131kanmamas\u0131 i\u00e7in hafif nemli bir bez ile silin.<\/li>\n<li>Deri \u00e7anta \u00fczerinde olu\u015fabilecek deformasyonlar\u0131 engellemek i\u00e7in \u00f6zel deri kremi kullanabilirsiniz.<\/li>\n<li>Deri \u00e7antan\u0131z\u0131 kullanmad\u0131\u011f\u0131n\u0131z zamanlarda toz olmayacak \u015fekilde orjinal kutusunda ya da \u00f6zel saklama po\u015fetlerinde muhafaza etmelisiniz.<\/li>\n<li>Alkol i\u00e7eren temizlik \u00fcr\u00fcnleri kullanmay\u0131n. Alkol ve a\u011f\u0131r kimyasallar i\u00e7eren temizlik \u00fcr\u00fcnleri deri \u00e7antan\u0131z\u0131n do\u011fal yap\u0131s\u0131n\u0131 bozarak kurumas\u0131na, renginin bozulmas\u0131na sebep olabilir.<\/li>\n<\/ul>\n\n<p>&nbsp;<\/p>\n<p>[\/vc_column_text][vc_column_text]<strong>&nbsp;Deri \u00c7anta Kullan\u0131m\u0131 ve Bak\u0131m\u0131 Hakk\u0131nda Bilinmesi Gerekenler<\/strong><\/p>\n<p>D\u00fcr\u00fcst olmak gerekirse pek \u00e7o\u011fumuz i\u00e7in deri \u00fcr\u00fcnlerin ve aksesuarlar\u0131n yeri bir ba\u015fka. Deri, insanlar taraf\u0131ndan uzun y\u0131llard\u0131r giysi, e\u015fya, aksesuar gibi alanlarda kullan\u0131lmakta. Hatta bilinen en eski deri kullan\u0131m\u0131 M\u00d6 2000\u2019lere kadar uzanmakta. Deri \u00fcr\u00fcnlere olan merak\u0131m\u0131z bu y\u00fczy\u0131l\u0131n moda pop\u00fclaritesi gibi gelse de asl\u0131nda \u00e7ok daha eskilere dayanmaktad\u0131r.<\/p>\n<p>\u00d6zellikle \u00e7anta, c\u00fczdan gibi aksesuarlarda deri kullan\u0131m\u0131 son y\u0131llarda giderek artt\u0131 ve pek \u00e7ok kullan\u0131c\u0131 aras\u0131nda da pop\u00fcler hale geldi. \u0130nsanlar g\u00fcnl\u00fck ya\u015famlar\u0131nda hem kullan\u0131\u015fl\u0131 hem de \u015f\u0131k tercihler yapmaya ba\u015flad\u0131\u011f\u0131ndan beri deri aksesuarlara olan talep artt\u0131. Hangi alanda olursan\u0131z olun el yap\u0131m\u0131 ya da \u00f6zel \u00fcretim \u015f\u0131k deri \u00e7antalara hay\u0131r demek pekte kolay de\u011fil.<\/p>\n<p>Peki, son d\u00f6nemde yeniden pop\u00fcler hale gelen ger\u00e7ek deriden \u00fcretilen \u00e7antalar\u0131 kullanman\u0131n bizim i\u00e7in avantajlar\u0131 nelerdir? Gelin hep birlikte bir g\u00f6z atal\u0131m.<\/p>\n<p><br \/>\n<\/p>\n<ul>\n<li><strong>Dayan\u0131kl\u0131l\u0131k ve Esneklik<\/strong><\/li>\n<\/ul>\n<p>Ger\u00e7ek deri dayan\u0131kl\u0131l\u0131\u011f\u0131 ve esnekli\u011fi ile bilinir. \u00c7anta ve c\u00fczdan gibi g\u00fcnl\u00fck aksesuarlarda s\u0131k\u00e7a kullan\u0131lma sebeplerinden biri budur. \u00d6rne\u011fin, deri \u00e7antan\u0131z\u0131 y\u0131rtma ya da \u00e7abuk a\u015f\u0131nma gibi korkular ya\u015famadan her g\u00fcn kullanabilirsiniz. Derinin do\u011fal esnek bir yap\u0131ya sahip olmas\u0131 ise dayan\u0131kl\u0131l\u0131\u011f\u0131n\u0131n tamamlay\u0131c\u0131 bir \u00f6zelli\u011fidir. Deri \u00fcr\u00fcnler uzun y\u0131llar kullan\u0131ld\u0131\u011f\u0131nda esnekle\u015ferek e\u015fsiz bir form al\u0131r ve i\u015flevselli\u011finden hi\u00e7bir \u015fey kaybetmeden kullan\u0131lmaya devam edilebilir.<\/p>\n<p><br \/>\n<\/p>\n<ul>\n<li><strong>Do\u011fal ve \u00c7evre Dostu<\/strong><\/li>\n<\/ul>\n<p>Deri, \u00e7anta \u00fcretiminde kullan\u0131lan di\u011fer sentetik malzemelerden farkl\u0131 olarak do\u011fal bir \u00fcr\u00fcnd\u00fcr. Sentetik malzemeler ile \u00fcretilen suni \u00e7antalar kullan\u0131lan a\u011f\u0131r kimyasallar nedeni ile ayn\u0131 zamanda \u00e7evre kirlili\u011fine de sebep olur. Oysa, ger\u00e7ek deriden \u00fcretilen do\u011fa dostu \u00e7antalar\u0131 kullanmak \u00e7evreye zarar vermedi\u011fi ve do\u011fal oldu\u011fu i\u00e7in her zaman \u00e7ok daha iyi hissettirir.<\/p>\n<p><br \/>\n<\/p>\n<ul>\n<li><strong>Uzun \u00d6m\u00fcrl\u00fc Kullan\u0131m<\/strong><\/li>\n<\/ul>\n<p>Deri \u00e7antalar do\u011fal yap\u0131s\u0131 gere\u011fi nefes al\u0131r. Bu da \u00e7antan\u0131z\u0131n kullan\u0131m \u00f6mr\u00fcn\u00fc uzat\u0131r. Suni ya da sentetik \u00fcr\u00fcnler ile yap\u0131lan \u00e7antalarda koku, mantar, k\u00fcf gibi sorunlar ortaya \u00e7\u0131kabilecek iken ger\u00e7ek deriden \u00fcretilmi\u015f bir \u00e7antada bunlar\u0131 ya\u015faman\u0131z m\u00fcmk\u00fcn de\u011fildir.<\/p>\n<p><br \/>\n<\/p>\n<ul>\n<li><strong>B\u00fct\u00e7e Dostu<\/strong><\/li>\n<\/ul>\n<p>Ger\u00e7ek deriden \u00fcretilmi\u015f bir \u00e7anta alman\u0131n pahal\u0131 oldu\u011funu d\u00fc\u015f\u00fcnebilirsiniz ve sat\u0131n alma konusunda teredd\u00fctler ya\u015fayabilirsiniz.Ancak ufak bir hesaplama ile asl\u0131nda ger\u00e7ek deri \u00e7antalar\u0131n b\u00fct\u00e7e dostu oldu\u011funu fark edeceksiniz. Hakiki, birinci s\u0131n\u0131f deri bir \u00e7antaya yat\u0131r\u0131m yapt\u0131\u011f\u0131n\u0131zda onu olduk\u00e7a uzun s\u00fcre kullanabilece\u011finizden emin olabilirsiniz. Oysa, suni ya da sentetik malzemelerden \u00fcretilmi\u015f bir \u00e7anta ald\u0131\u011f\u0131n\u0131zda her 3-4 ayda bir de\u011fi\u015ftirmek zorunda kalabilirsiniz.<\/p>\n<p><br \/>\n<\/p>\n<ul>\n<li><strong>\u015e\u0131k ve Zarif Tasar\u0131mlar<\/strong><\/li>\n<\/ul>\n<p>Bir deri \u00e7antan\u0131n zarif ve incelikli tasar\u0131m\u0131 san\u0131r\u0131m hepimizin kabul etti\u011fi ilk \u015fey olabilir. Hangi renk ya da tasar\u0131mda olursa olsun deri bir \u00e7antaya sahip oldu\u011funuzda tarz\u0131n\u0131za ekstra bir \u015f\u0131kl\u0131k, g\u00f6steri\u015f kat\u0131laca\u011f\u0131 tart\u0131\u015fmas\u0131z bir ger\u00e7ektir.<\/p>\n<p><strong>Deri \u00c7anta Temizlik ve Bak\u0131m\u0131nda Nelere Dikkat Etmelisiniz?<\/strong><\/p>\n<p><br \/>\n<\/p>\n<ul>\n<li>Belirli aral\u0131klar ile deri \u00e7antan\u0131z\u0131 yumu\u015fak, hafif nemli bir bez ile temizleyin.<\/li>\n<li>Deri temizli\u011fi i\u00e7in \u00f6zel \u00fcretilen malzemeler ile daha detayl\u0131 olarak temizleyebilirsiniz. Deri temizleyicisini &nbsp;dairesel hareketler ile uygulay\u0131n sonras\u0131nda g\u00f6zeneklerin t\u0131kanmamas\u0131 i\u00e7in hafif nemli bir bez ile silin.<\/li>\n<li>Deri \u00e7anta \u00fczerinde olu\u015fabilecek deformasyonlar\u0131 engellemek i\u00e7in \u00f6zel deri kremi kullanabilirsiniz.<\/li>\n<li>Deri \u00e7antan\u0131z\u0131 kullanmad\u0131\u011f\u0131n\u0131z zamanlarda toz olmayacak \u015fekilde orjinal kutusunda ya da \u00f6zel saklama po\u015fetlerinde muhafaza etmelisiniz.<\/li>\n<li>Alkol i\u00e7eren temizlik \u00fcr\u00fcnleri kullanmay\u0131n. Alkol ve a\u011f\u0131r kimyasallar i\u00e7eren temizlik \u00fcr\u00fcnleri deri \u00e7antan\u0131z\u0131n do\u011fal yap\u0131s\u0131n\u0131 bozarak kurumas\u0131na, renginin bozulmas\u0131na sebep olabilir.<\/li>\n<\/ul>\n<p>[\/vc_column_text][\/vc_column][\/vc_row]<\/p>\n","protected":false},"excerpt":{"rendered":"<p>[vc_row][vc_column][vc_column_text] &nbsp; &nbsp; \u00a0Deri \u00c7anta Kullan\u0131m\u0131 ve Bak\u0131m\u0131 Hakk\u0131nda Bilinmesi Gerekenler D\u00fcr\u00fcst olmak gerekirse pek \u00e7o\u011fumuz i\u00e7in deri \u00fcr\u00fcnlerin ve aksesuarlar\u0131n yeri bir ba\u015fka. Deri, insanlar taraf\u0131ndan uzun y\u0131llard\u0131r giysi, e\u015fya, aksesuar gibi alanlarda kullan\u0131lmakta. Hatta bilinen en eski deri kullan\u0131m\u0131 M\u00d6 2000\u2019lere kadar uzanmakta. Deri \u00fcr\u00fcnlere olan merak\u0131m\u0131z bu y\u00fczy\u0131l\u0131n moda pop\u00fclaritesi gibi gelse [&hellip;]<\/p>\n","protected":false},"author":1,"featured_media":0,"parent":0,"menu_order":0,"comment_status":"closed","ping_status":"closed","template":"","meta":[],"yoast_head":"<!-- This site is optimized with the Yoast SEO plugin v18.2 - https:\/\/yoast.com\/wordpress\/plugins\/seo\/ -->\n<title>Deri \u00c7anta Kullan\u0131m\u0131 ve Bak\u0131m\u0131 Hakk\u0131nda Bilinmesi Gerekenler - Erciyes Deri<\/title>\n<meta name=\"robots\" content=\"index, follow, max-snippet:-1, max-image-preview:large, max-video-preview:-1\" \/>\n<link rel=\"canonical\" href=\"https:\/\/erciyesderi.com\/index.php\/deri-canta-kullanimi-ve-bakimi-hakkinda-bilinmesi-gerekenler\/\" \/>\n<meta property=\"og:locale\" content=\"tr_TR\" \/>\n<meta property=\"og:type\" content=\"article\" \/>\n<meta property=\"og:title\" content=\"Deri \u00c7anta Kullan\u0131m\u0131 ve Bak\u0131m\u0131 Hakk\u0131nda Bilinmesi Gerekenler - Erciyes Deri\" \/>\n<meta property=\"og:description\" content=\"[vc_row][vc_column][vc_column_text] &nbsp; &nbsp; \u00a0Deri \u00c7anta Kullan\u0131m\u0131 ve Bak\u0131m\u0131 Hakk\u0131nda Bilinmesi Gerekenler D\u00fcr\u00fcst olmak gerekirse pek \u00e7o\u011fumuz i\u00e7in deri \u00fcr\u00fcnlerin ve aksesuarlar\u0131n yeri bir ba\u015fka. Deri, insanlar taraf\u0131ndan uzun y\u0131llard\u0131r giysi, e\u015fya, aksesuar gibi alanlarda kullan\u0131lmakta. Hatta bilinen en eski deri kullan\u0131m\u0131 M\u00d6 2000\u2019lere kadar uzanmakta. Deri \u00fcr\u00fcnlere olan merak\u0131m\u0131z bu y\u00fczy\u0131l\u0131n moda pop\u00fclaritesi gibi gelse [&hellip;]\" \/>\n<meta property=\"og:url\" content=\"https:\/\/erciyesderi.com\/index.php\/deri-canta-kullanimi-ve-bakimi-hakkinda-bilinmesi-gerekenler\/\" \/>\n<meta property=\"og:site_name\" content=\"Erciyes Deri\" \/>\n<meta property=\"article:modified_time\" content=\"2022-07-23T19:54:45+00:00\" \/>\n<meta name=\"twitter:card\" content=\"summary_large_image\" \/>\n<meta name=\"twitter:label1\" content=\"Tahmini okuma s\u00fcresi\" \/>\n\t<meta name=\"twitter:data1\" content=\"3 dakika\" \/>\n<script type=\"application\/ld+json\" class=\"yoast-schema-graph\">{\"@context\":\"https:\/\/schema.org\",\"@graph\":[{\"@type\":\"WebSite\",\"@id\":\"https:\/\/erciyesderi.com\/#website\",\"url\":\"https:\/\/erciyesderi.com\/\",\"name\":\"Erciyes Deri\",\"description\":\"Deri \u00dcreticisi\",\"potentialAction\":[{\"@type\":\"SearchAction\",\"target\":{\"@type\":\"EntryPoint\",\"urlTemplate\":\"https:\/\/erciyesderi.com\/?s={search_term_string}\"},\"query-input\":\"required name=search_term_string\"}],\"inLanguage\":\"tr\"},{\"@type\":\"WebPage\",\"@id\":\"https:\/\/erciyesderi.com\/index.php\/deri-canta-kullanimi-ve-bakimi-hakkinda-bilinmesi-gerekenler\/#webpage\",\"url\":\"https:\/\/erciyesderi.com\/index.php\/deri-canta-kullanimi-ve-bakimi-hakkinda-bilinmesi-gerekenler\/\",\"name\":\"Deri \u00c7anta Kullan\u0131m\u0131 ve Bak\u0131m\u0131 Hakk\u0131nda Bilinmesi Gerekenler - Erciyes Deri\",\"isPartOf\":{\"@id\":\"https:\/\/erciyesderi.com\/#website\"},\"datePublished\":\"2022-05-10T17:25:22+00:00\",\"dateModified\":\"2022-07-23T19:54:45+00:00\",\"breadcrumb\":{\"@id\":\"https:\/\/erciyesderi.com\/index.php\/deri-canta-kullanimi-ve-bakimi-hakkinda-bilinmesi-gerekenler\/#breadcrumb\"},\"inLanguage\":\"tr\",\"potentialAction\":[{\"@type\":\"ReadAction\",\"target\":[\"https:\/\/erciyesderi.com\/index.php\/deri-canta-kullanimi-ve-bakimi-hakkinda-bilinmesi-gerekenler\/\"]}]},{\"@type\":\"BreadcrumbList\",\"@id\":\"https:\/\/erciyesderi.com\/index.php\/deri-canta-kullanimi-ve-bakimi-hakkinda-bilinmesi-gerekenler\/#breadcrumb\",\"itemListElement\":[{\"@type\":\"ListItem\",\"position\":1,\"name\":\"Anasayfa\",\"item\":\"https:\/\/erciyesderi.com\/\"},{\"@type\":\"ListItem\",\"position\":2,\"name\":\"Deri \u00c7anta Kullan\u0131m\u0131 ve Bak\u0131m\u0131 Hakk\u0131nda Bilinmesi Gerekenler\"}]}]}<\/script>\n<!-- \/ Yoast SEO plugin. -->","yoast_head_json":{"title":"Deri \u00c7anta Kullan\u0131m\u0131 ve Bak\u0131m\u0131 Hakk\u0131nda Bilinmesi Gerekenler - Erciyes Deri","robots":{"index":"index","follow":"follow","max-snippet":"max-snippet:-1","max-image-preview":"max-image-preview:large","max-video-preview":"max-video-preview:-1"},"canonical":"https:\/\/erciyesderi.com\/index.php\/deri-canta-kullanimi-ve-bakimi-hakkinda-bilinmesi-gerekenler\/","og_locale":"tr_TR","og_type":"article","og_title":"Deri \u00c7anta Kullan\u0131m\u0131 ve Bak\u0131m\u0131 Hakk\u0131nda Bilinmesi Gerekenler - Erciyes Deri","og_description":"[vc_row][vc_column][vc_column_text] &nbsp; &nbsp; \u00a0Deri \u00c7anta Kullan\u0131m\u0131 ve Bak\u0131m\u0131 Hakk\u0131nda Bilinmesi Gerekenler D\u00fcr\u00fcst olmak gerekirse pek \u00e7o\u011fumuz i\u00e7in deri \u00fcr\u00fcnlerin ve aksesuarlar\u0131n yeri bir ba\u015fka. Deri, insanlar taraf\u0131ndan uzun y\u0131llard\u0131r giysi, e\u015fya, aksesuar gibi alanlarda kullan\u0131lmakta. Hatta bilinen en eski deri kullan\u0131m\u0131 M\u00d6 2000\u2019lere kadar uzanmakta. Deri \u00fcr\u00fcnlere olan merak\u0131m\u0131z bu y\u00fczy\u0131l\u0131n moda pop\u00fclaritesi gibi gelse [&hellip;]","og_url":"https:\/\/erciyesderi.com\/index.php\/deri-canta-kullanimi-ve-bakimi-hakkinda-bilinmesi-gerekenler\/","og_site_name":"Erciyes Deri","article_modified_time":"2022-07-23T19:54:45+00:00","twitter_card":"summary_large_image","twitter_misc":{"Tahmini okuma s\u00fcresi":"3 dakika"},"schema":{"@context":"https:\/\/schema.org","@graph":[{"@type":"WebSite","@id":"https:\/\/erciyesderi.com\/#website","url":"https:\/\/erciyesderi.com\/","name":"Erciyes Deri","description":"Deri \u00dcreticisi","potentialAction":[{"@type":"SearchAction","target":{"@type":"EntryPoint","urlTemplate":"https:\/\/erciyesderi.com\/?s={search_term_string}"},"query-input":"required name=search_term_string"}],"inLanguage":"tr"},{"@type":"WebPage","@id":"https:\/\/erciyesderi.com\/index.php\/deri-canta-kullanimi-ve-bakimi-hakkinda-bilinmesi-gerekenler\/#webpage","url":"https:\/\/erciyesderi.com\/index.php\/deri-canta-kullanimi-ve-bakimi-hakkinda-bilinmesi-gerekenler\/","name":"Deri \u00c7anta Kullan\u0131m\u0131 ve Bak\u0131m\u0131 Hakk\u0131nda Bilinmesi Gerekenler - Erciyes Deri","isPartOf":{"@id":"https:\/\/erciyesderi.com\/#website"},"datePublished":"2022-05-10T17:25:22+00:00","dateModified":"2022-07-23T19:54:45+00:00","breadcrumb":{"@id":"https:\/\/erciyesderi.com\/index.php\/deri-canta-kullanimi-ve-bakimi-hakkinda-bilinmesi-gerekenler\/#breadcrumb"},"inLanguage":"tr","potentialAction":[{"@type":"ReadAction","target":["https:\/\/erciyesderi.com\/index.php\/deri-canta-kullanimi-ve-bakimi-hakkinda-bilinmesi-gerekenler\/"]}]},{"@type":"BreadcrumbList","@id":"https:\/\/erciyesderi.com\/index.php\/deri-canta-kullanimi-ve-bakimi-hakkinda-bilinmesi-gerekenler\/#breadcrumb","itemListElement":[{"@type":"ListItem","position":1,"name":"Anasayfa","item":"https:\/\/erciyesderi.com\/"},{"@type":"ListItem","position":2,"name":"Deri \u00c7anta Kullan\u0131m\u0131 ve Bak\u0131m\u0131 Hakk\u0131nda Bilinmesi Gerekenler"}]}]}},"_links":{"self":[{"href":"https:\/\/erciyesderi.com\/index.php\/wp-json\/wp\/v2\/pages\/4410"}],"collection":[{"href":"https:\/\/erciyesderi.com\/index.php\/wp-json\/wp\/v2\/pages"}],"about":[{"href":"https:\/\/erciyesderi.com\/index.php\/wp-json\/wp\/v2\/types\/page"}],"author":[{"embeddable":true,"href":"https:\/\/erciyesderi.com\/index.php\/wp-json\/wp\/v2\/users\/1"}],"replies":[{"embeddable":true,"href":"https:\/\/erciyesderi.com\/index.php\/wp-json\/wp\/v2\/comments?post=4410"}],"version-history":[{"count":3,"href":"https:\/\/erciyesderi.com\/index.php\/wp-json\/wp\/v2\/pages\/4410\/revisions"}],"predecessor-version":[{"id":4428,"href":"https:\/\/erciyesderi.com\/index.php\/wp-json\/wp\/v2\/pages\/4410\/revisions\/4428"}],"wp:attachment":[{"href":"https:\/\/erciyesderi.com\/index.php\/wp-json\/wp\/v2\/media?parent=4410"}],"curies":[{"name":"wp","href":"https:\/\/api.w.org\/{rel}","templated":true}]}}